{"id":1021,"date":"2012-04-09T22:56:41","date_gmt":"2012-04-09T20:56:41","guid":{"rendered":"http:\/\/ww2.alpenflugzentrum.de\/wordpress\/?page_id=1021"},"modified":"2015-01-04T13:52:29","modified_gmt":"2015-01-04T12:52:29","slug":"matthias-schundehutte","status":"publish","type":"page","link":"https:\/\/www.alpenflugzentrum.de\/wordpress\/?page_id=1021","title":{"rendered":"Matthias Sch\u00fcndeh\u00fctte"},"content":{"rendered":"<p><a href=\"https:\/\/www.alpenflugzentrum.de\/wordpress\/wp-content\/uploads\/2012\/04\/msch.png\"><img loading=\"lazy\" decoding=\"async\" class=\"alignleft size-full wp-image-1022\" title=\"MatthiasS L\" src=\"https:\/\/www.alpenflugzentrum.de\/wordpress\/wp-content\/uploads\/2012\/04\/msch.png\" alt=\"\" width=\"150\" height=\"150\" \/><\/a><\/p>\n<p style=\"margin-top: 111px;\">Bj. 1958, Wohnort: Berlin<br \/>\nE-Mail:\u00a0<a href=\"mailto:msch@snafu.de\">msch@snafu.de<\/a><\/p>\n<table class=\"afz\">\n<tbody>\n<tr>\n<td><em>PPL C seit:<\/em><\/td>\n<td>2001<\/td>\n<\/tr>\n<tr>\n<td><em>Flugstunden:<\/em><\/td>\n<td>500 h<\/td>\n<\/tr>\n<tr>\n<td><em>Gr\u00f6\u00dfte Strecke:<\/em><\/td>\n<td><a href=\"https:\/\/www.onlinecontest.org\/olc-2.0\/gliding\/flightinfo.html?dsId=3748117\" target=\"_blank\">650 km<\/a><\/td>\n<\/tr>\n<tr>\n<td><em>OLC-Fl\u00fcge:<\/em><\/td>\n<td><a href=\"https:\/\/www.onlinecontest.org\/olc-2.0\/gliding\/getScoring.html?scoringId=200&amp;pilotId=14399&amp;scoringPeriod=2015\" target=\"blank\">2015<\/a><\/td>\n<td><a href=\"https:\/\/www.onlinecontest.org\/olc-2.0\/gliding\/getScoring.html?scoringId=200&amp;pilotId=14399&amp;scoringPeriod=2014\" target=\"blank\">2014<\/a><\/td>\n<td><a href=\"https:\/\/www.onlinecontest.org\/olc-2.0\/gliding\/getScoring.html?scoringId=200&amp;pilotId=14399&amp;scoringPeriod=2013\" target=\"blank\">2013<\/a><\/td>\n<td><a href=\"https:\/\/www.onlinecontest.org\/olc-2.0\/gliding\/getScoring.html?scoringId=200&amp;pilotId=14399&amp;scoringPeriod=2012\" target=\"blank\">2012<\/a><\/td>\n<td><a href=\"https:\/\/www.onlinecontest.org\/olc-2.0\/gliding\/getScoring.html?scoringId=200&amp;pilotId=14399&amp;scoringPeriod=2011\" target=\"blank\">2011<\/a><\/td>\n<td><a href=\"https:\/\/www.onlinecontest.org\/olc-2.0\/gliding\/getScoring.html?scoringId=200&amp;pilotId=14399&amp;scoringPeriod=2010\" target=\"blank\">2010<\/a><\/td>\n<\/tr>\n<tr>\n<td><\/td>\n<td><a href=\"https:\/\/www.onlinecontest.org\/olc-2.0\/gliding\/getScoring.html?scoringId=200&amp;pilotId=14399&amp;scoringPeriod=2009\" target=\"blank\">2009<\/a><\/td>\n<td><a href=\"https:\/\/www.onlinecontest.org\/olc-2.0\/gliding\/getScoring.html?scoringId=200&amp;pilotId=14399&amp;scoringPeriod=2008\" target=\"blank\">2008<\/a><\/td>\n<td><a href=\"https:\/\/www.onlinecontest.org\/olc-2.0\/gliding\/getScoring.html?scoringId=200&amp;pilotId=14399&amp;scoringPeriod=2007\" target=\"blank\">2007<\/a><\/td>\n<td><a href=\"https:\/\/www.onlinecontest.org\/olcphp\/2006\/ausw_wertung.php?olc=olc-i&amp;spr=de&amp;ein_name=14399\" target=\"blank\">2006<\/a><\/td>\n<td><a href=\"https:\/\/www.onlinecontest.org\/olcphp\/2005\/ausw_wertung.php?olc=olc-i&amp;spr=de&amp;ein_name=14399\" target=\"blank\">2005<\/a><\/td>\n<td><a href=\"https:\/\/www.onlinecontest.org\/olcphp\/2004\/ausw_wertung.php?olc=olc-i&amp;spr=de&amp;ein_name=14399\" target=\"blank\">2004<\/a><\/td>\n<\/tr>\n<tr>\n<td><\/td>\n<\/tr>\n<tr>\n<td><em>Flugzeug(e):<\/em><\/td>\n<\/tr>\n<tr>\n<td>\n<div><a href=\"wp-content\/uploads\/2012\/04\/Kestrel-1.jpg\" target=\"_blank\">Kestrel H-401 (EV)<\/a><\/div>\n<\/td>\n<td>D-9532<\/td>\n<\/tr>\n<tr>\n<td><a href=\"http:\/\/share.findmespot.com\/shared\/faces\/viewspots.jsp?glId=0SZC0lsCajIa54S3EU2tAd8SRkZI345SK\" target=\"_blank\">SPOT-Link<\/a><\/td>\n<\/tr>\n<\/tbody>\n<\/table>\n<dl>\n<dt>Fliegerische Vorlieben, St\u00e4rken, Schw\u00e4chen<\/dt>\n<dd>Ich fliege um zu sehen! Und da kann das Flachland den Alpen nicht das Wasser reichen. Besonders beeindruckt mich der Vorbeiflug am Fels, wie etwa am Wilden Kaiser, dem Steinernen Meer oder dem Dachstein.<\/p>\n<p>Meine St\u00e4rken liegen wohl eher auf der handwerklichen Seite, d.h. in der Bedienung des Flugzeugs. Schw\u00e4chen habe ich dagegen wohl auf der intuitiven Seite der Fliegerei wie etwa dem \u201eRiechen\u201c der Thermik oder der instinktiven Beachtung des Windes bzw. des Wetters allgemein. Erfahrung erlaubt es aber, diese Schw\u00e4chen etwas zu kompensieren.<\/p>\n<\/dd>\n<dt>Sch\u00f6nster Flug:<\/dt>\n<dd>Der sch\u00f6nste Flug bislang war ein <a href=\"https:\/\/www.onlinecontest.org\/olc-2.0\/gliding\/flightinfo.html?dsId=38204\" target=\"_blank\">klitzekleiner Ausflug in die Dolomiten<\/a> von N\u00f6tsch aus. Zwar habe ich es nicht ganz bis Ospitale geschafft (s. &#8222;Kaiserdreieck&#8220; von Kalckreuth), aber es war <a title=\"Dolomiten\" href=\"wp-content\/uploads\/2012\/04\/DoloNoetsch.jpg\" target=\"_blank\">ein unvergesslicher Tag<\/a>!<br \/>\nDie sch\u00f6nsten Fl\u00fcge der Anfangszeit waren die drei Grimming-Gerlos-Fl\u00fcge im Mai\/Juni 2005. Das\u00a0<a href=\"wp-content\/uploads\/2012\/04\/Anflug_Grimming.jpg\" target=\"_blank\">Bild des Anfluges auf den Grimming<\/a>\u00a0hat sich in meinem Ged\u00e4chtnis daf\u00fcr eingebrannt. Das\u00a0<a href=\"?page_id=1162\" target=\"_blank\">Zell-Gerlos Dreieck\u00a0<\/a>von 2003 geh\u00f6rt nat\u00fcrlich auch dazu, selbst wenn es vorzeitig in St. Johann endete :-), aber es war mein erster Streckenflug \u00fcberhaupt.<\/p>\n<\/dd>\n<dt>N\u00e4chstes Vorhaben\/Ziel:<\/dt>\n<dd>In den sensationellen Pfingsttagen 2014 habe ich <a href=\"https:\/\/www.onlinecontest.org\/olc-2.0\/gliding\/flightinfo.html?flightId=2087333446\" target=\"_blank\">das Ziel Alpens\u00fcdseite<\/a> nun endlich erreicht. Dazu die Ausweitung <a href=\"https:\/\/www.onlinecontest.org\/olc-2.0\/gliding\/flightinfo.html?flightId=2003225190\" target=\"_blank\">im Westen bis zur Valluga<\/a> und <a href=\"https:\/\/www.onlinecontest.org\/olc-2.0\/gliding\/flightinfo.html?flightId=-2111116209\" target=\"_blank\">nach Osten bis zum G\u00f6sseck<\/a>. Den Aktionsradius auch bei Basish\u00f6hen unter 3.500m zu erhalten und ggf. noch etwas zu erweitern (besonders auf der S\u00fcdseite) bleibt das Ziel. Dazu auch: Weiterhin keine Fehler im immer komplexer strukturierten Luftraum zu machen.<\/p>\n<\/dd>\n<\/dl>\n","protected":false},"excerpt":{"rendered":"<p>Bj. 1958, Wohnort: Berlin E-Mail:\u00a0msch@snafu.de PPL C seit: 2001 Flugstunden: 500 h Gr\u00f6\u00dfte Strecke: 650 km OLC-Fl\u00fcge: 2015 2014 2013 2012 2011 2010 2009 2008 2007 2006 2005 2004 Flugzeug(e): Kestrel H-401 (EV) D-9532 SPOT-Link Fliegerische Vorlieben, St\u00e4rken, Schw\u00e4chen Ich fliege um zu sehen! Und da kann das Flachland den Alpen nicht das Wasser reichen. &hellip; <a href=\"https:\/\/www.alpenflugzentrum.de\/wordpress\/?page_id=1021\" class=\"more-link\"><span class=\"screen-reader-text\">Matthias Sch\u00fcndeh\u00fctte<\/span> weiterlesen <span class=\"meta-nav\">&rarr;<\/span><\/a><\/p>\n","protected":false},"author":5,"featured_media":1022,"parent":0,"menu_order":0,"comment_status":"closed","ping_status":"closed","template":"","meta":{"footnotes":""},"class_list":["post-1021","page","type-page","status-publish","has-post-thumbnail","hentry"],"_links":{"self":[{"href":"https:\/\/www.alpenflugzentrum.de\/wordpress\/index.php?rest_route=\/wp\/v2\/pages\/1021","targetHints":{"allow":["GET"]}}],"collection":[{"href":"https:\/\/www.alpenflugzentrum.de\/wordpress\/index.php?rest_route=\/wp\/v2\/pages"}],"about":[{"href":"https:\/\/www.alpenflugzentrum.de\/wordpress\/index.php?rest_route=\/wp\/v2\/types\/page"}],"author":[{"embeddable":true,"href":"https:\/\/www.alpenflugzentrum.de\/wordpress\/index.php?rest_route=\/wp\/v2\/users\/5"}],"replies":[{"embeddable":true,"href":"https:\/\/www.alpenflugzentrum.de\/wordpress\/index.php?rest_route=%2Fwp%2Fv2%2Fcomments&post=1021"}],"version-history":[{"count":25,"href":"https:\/\/www.alpenflugzentrum.de\/wordpress\/index.php?rest_route=\/wp\/v2\/pages\/1021\/revisions"}],"predecessor-version":[{"id":2857,"href":"https:\/\/www.alpenflugzentrum.de\/wordpress\/index.php?rest_route=\/wp\/v2\/pages\/1021\/revisions\/2857"}],"wp:featuredmedia":[{"embeddable":true,"href":"https:\/\/www.alpenflugzentrum.de\/wordpress\/index.php?rest_route=\/wp\/v2\/media\/1022"}],"wp:attachment":[{"href":"https:\/\/www.alpenflugzentrum.de\/wordpress\/index.php?rest_route=%2Fwp%2Fv2%2Fmedia&parent=1021"}],"curies":[{"name":"wp","href":"https:\/\/api.w.org\/{rel}","templated":true}]}}