{"id":195,"date":"2011-11-27T19:02:31","date_gmt":"2011-11-27T18:02:31","guid":{"rendered":"http:\/\/ww2.alpenflugzentrum.de\/wordpress\/?page_id=195"},"modified":"2025-12-05T17:06:01","modified_gmt":"2025-12-05T16:06:01","slug":"piloten","status":"publish","type":"page","link":"https:\/\/www.alpenflugzentrum.de\/wordpress\/?page_id=195","title":{"rendered":"Piloten"},"content":{"rendered":"\n<p>So mu\u00df es aussehen, wenn anst\u00e4ndig Kilometer dabei herauskommen sollen \ud83d\ude42<\/p>\n\n\n\n<figure class=\"wp-block-image\"><a href=\"wp-content\/uploads\/2011\/11\/Streckenfruehstueck2.jpg\"><img loading=\"lazy\" decoding=\"async\" width=\"1400\" height=\"1050\" src=\"wp-content\/uploads\/2011\/11\/Streckenfruehstueck2.jpg\" alt=\"\" class=\"wp-image-200\" title=\"Das Fr\u00fchst\u00fcck vor dem gro\u00dfen Flug\" srcset=\"https:\/\/www.alpenflugzentrum.de\/wordpress\/wp-content\/uploads\/2011\/11\/Streckenfruehstueck2.jpg 1400w, https:\/\/www.alpenflugzentrum.de\/wordpress\/wp-content\/uploads\/2011\/11\/Streckenfruehstueck2-300x225.jpg 300w, https:\/\/www.alpenflugzentrum.de\/wordpress\/wp-content\/uploads\/2011\/11\/Streckenfruehstueck2-1024x768.jpg 1024w\" sizes=\"auto, (max-width: 1400px) 100vw, 1400px\" \/><\/a><\/figure>\n\n\n\n<p><\/p>\n\n\n\n<p>&nbsp;<\/p>\n\n\n\n<p><i>(Anklicken des jeweiligen Pilotenbildchen zeigt das schriftlichen Portr\u00e4t des Piloten)<\/i><\/p>\n\n\n\n<div class=\"wp-block-columns is-layout-flex wp-container-core-columns-is-layout-9d6595d7 wp-block-columns-is-layout-flex\">\n<div class=\"wp-block-column is-layout-flow wp-block-column-is-layout-flow\">\n<figure class=\"wp-block-table\"><table><thead><tr><th>Portrait<\/th><th>Name, Vorname<\/th><th>E-Mail<\/th><th>Spot<br>FlarmID<\/th><\/tr><\/thead><tbody><tr><td>&nbsp;<\/td><td>Ager, Thomas<\/td><td>thomas &lt;at&gt; optik-ager.de<\/td><td>&nbsp;<\/td><\/tr><tr><td>&nbsp;<\/td><td>Baatz, Dr. Martin<\/td><td>marbaatz &lt;at&gt; gmx.de<\/td><td>&nbsp;<\/td><\/tr><tr><td>&nbsp;<\/td><td>Baranowski, Ute<\/td><td>1d_c2 &lt;at&gt; flachkurbler.de<\/td><td><figure><a href=\"http:\/\/share.findmespot.com\/shared\/faces\/viewspots.jsp?glId=0Rpf0rQiCJRH5tCdClaZz2eaHhioGCi6f\" target=\"_blank\" rel=\"noopener noreferrer\"><img decoding=\"async\" class=\"aligncenter\" src=\"wp-content\/uploads\/2011\/11\/spot.gif\" alt=\"spot\"><\/a><\/figure><\/td><td>&nbsp;<\/td><\/tr><tr><td>&nbsp;<\/td><td>Baranowski, Axel<\/td><td>1d_c2 &lt;at&gt; flachkurbler.de<\/td><td><figure><a href=\"http:\/\/share.findmespot.com\/shared\/faces\/viewspots.jsp?glId=0a60qfpnNARYESx0gThPBAWu5oqMfJuap\" target=\"_blank\" rel=\"noopener noreferrer\"><img decoding=\"async\" class=\"aligncenter\" src=\"wp-content\/uploads\/2011\/11\/spot.gif\" alt=\"spot\"><\/a><\/figure><\/td><td>&nbsp;<\/td><\/tr><tr><td>&nbsp;<\/td><td>Behr, Bernhard<\/td><td>bernhardbehr &lt;at&gt; gmx.net<\/td><td>&nbsp;<\/td><\/tr><tr><td>&nbsp;<\/td><td>Behr, J\u00fcrgen<\/td><td>juergen.behr &lt;at&gt; med.uni-muenchen.de<\/td><td>&nbsp;<\/td><\/tr><tr><td>&nbsp;<\/td><td>Bentz, Sebastian<\/td><td>sebastianbentz &lt;at&gt; googlemail.com<\/td><td>&nbsp;<\/td><\/tr><tr><td>&nbsp;<\/td><td>Brunet, Ulrich<\/td><td>uli &lt;at&gt; brunet.de<\/td><td><figure><a href=\"https:\/\/maps.findmespot.com\/s\/7MRP\" target=\"_blank\" rel=\"noopener noreferrer\"><img decoding=\"async\" class=\"aligncenter\" src=\"wp-content\/uploads\/2011\/11\/spot.gif\" alt=\"Spot\"><\/a><\/figure><\/td><\/tr><tr><td>&nbsp;<\/td><td>Bursian, Benedikt<\/td><td>bbursian &lt;at&gt; ymail.com<\/td><td>&nbsp;<\/td><\/tr><tr><td>&nbsp;<\/td><td>Christmann, Mark<\/td><td>m.christmann &lt;at&gt; gmx.de<\/td><td><figure><a href=\"http:\/\/share.findmespot.com\/shared\/faces\/viewspots.jsp?glId=02hIH3j1f3YRUG1oakT2fT0i3LXK5b6nn\" target=\"_blank\" rel=\"noopener noreferrer\"><img decoding=\"async\" class=\"aligncenter\" src=\"wp-content\/uploads\/2011\/11\/spot.gif\" alt=\"Spot\"><\/a><\/figure><\/td><\/tr><tr><td>&nbsp;<\/td><td>Degen, Klaus-Dieter<\/td><td>kddegen &lt;at&gt; web.de<\/td><td>&nbsp;<\/td><\/tr><tr><td><figure><a href=\"?page_id=5435\"><img loading=\"lazy\" decoding=\"async\" src=\"wp-content\/uploads\/2020\/07\/OlliM.jpg\" alt=\"olid\" width=\"50\" height=\"50\"><\/a><\/figure><\/td><td>Dieterich, Oliver<\/td><td>oliver-dieterich &lt;at&gt; t-online.de<\/td><td><figure><a href=\"https:\/\/maps.findmespot.com\/s\/DNPK\/8N\" target=\"_blank\" rel=\"noopener noreferrer\"><img decoding=\"async\" class=\"aligncenter\" src=\"wp-content\/uploads\/2011\/11\/spot.gif\" alt=\"spot\"><\/a><\/figure><\/td><\/tr><tr><td><figure><a href=\"?page_id=477\"><img decoding=\"async\" src=\"wp-content\/uploads\/2011\/12\/katrin.gif\" alt=\"katrind\"><\/a><\/figure><\/td><td>D\u00f6derer, Katrin<\/td><td>katrin_doederer &lt;at&gt; gmx.de<\/td><td>&nbsp;<\/td><\/tr><tr><td>&nbsp;<\/td><td>Dormann, Jens<\/td><td>jens.dormann &lt;at&gt; ingenieur.io<\/td><td>&nbsp;<\/td><\/tr><tr><td>&nbsp;<\/td><td>Engelhardt, Christian<\/td><td>xcl &lt;at&gt; gmx.net<\/td><td>&nbsp;<\/td><\/tr><tr><td>&nbsp;<\/td><td>Ettelbr\u00fcck, R\u00fcdiger<\/td><td>ettelbrueck &lt;at&gt; gmx.de<\/td><td>&nbsp;<\/td><\/tr><tr><td>&nbsp;<\/td><td>Frank, Felix<\/td><td>fe-frank &lt;at&gt; t-online.de<\/td><td>&nbsp;<\/td><\/tr><tr><td>&nbsp;<\/td><td>Frie\u00df, Uli<\/td><td>u.friess &lt;at&gt; gmx.net<\/td><td>&nbsp;<\/td><\/tr><tr><td>&nbsp;<\/td><td>F\u00f6lling, Dr. Simon<\/td><td>&nbsp;<\/td><td>&nbsp;<\/td><td>&nbsp;<\/td><td><\/td><td><\/td><td>&nbsp;<\/td><\/tr><tr><td><\/td><td>Fuhr, Holger<\/td><td>holger.fuhr &lt;at&gt; web.de<\/td><td><\/td><\/tr><tr><td>&nbsp;<\/td><td>Ghirardini, Peter<\/td><td>peter.ghirardini &lt;at&gt; gmx.de<\/td><td><figure><a href=\"https:\/\/maps.findmespot.com\/s\/PVCK\" target=\"_blank\" rel=\"noopener noreferrer\"><img decoding=\"async\" class=\"aligncenter\" src=\"wp-content\/uploads\/2011\/11\/spot.gif\" alt=\"spot\"><\/a><\/figure><br><a href=\"https:\/\/ktrax.kisstech.ch\/plot?device=DDA64E\" target=\"_blank\" rel=\"noopener noreferrer\">DDA64E<\/a><\/td><\/tr><tr><td>&nbsp;<\/td><td>Glockshuber, Rudi<\/td><td>rudi &lt;at&gt; mol.biol.ethz.ch<\/td><td>&nbsp;<\/td><\/tr><tr><td><figure><a href=\"?page_id=3193\"><img decoding=\"async\" src=\"wp-content\/uploads\/2015\/07\/DSC01266_DxO-S-e1436372323355.jpg\" alt=\"Stefan G.\"><\/a><\/figure><\/td><td>Gorkenant, Stefan<\/td><td>stefan.gorkenant &lt;at&gt; vocus3.de<\/td><td><figure><a href=\"http:\/\/share.findmespot.com\/shared\/faces\/viewspots.jsp?glId=0hrKL1f36tIx4Ji19OFkvy3zSt50hRtZo\" target=\"_blank\" rel=\"noopener noreferrer\"><img decoding=\"async\" class=\"aligncenter\" src=\"wp-content\/uploads\/2011\/11\/spot.gif\" alt=\"spot\"><\/a><\/figure><br><a href=\"https:\/\/ktrax.kisstech.ch\/plot?device=3E5BF2\" target=\"_blank\" rel=\"noopener noreferrer\">3E5BF2<\/a><\/td><\/tr><tr><td>&nbsp;<\/td><td>Grzemba, Andreas<\/td><td>flugsport &lt;at&gt; agrzemba.de<\/td><td>&nbsp;<\/td><\/tr><tr><td>&nbsp;<\/td><td>Grzemba, Jana<\/td><td>jana.grzemba &lt;at&gt; gmx.de<\/td><td>&nbsp;<\/td><\/tr><tr><td>&nbsp;<\/td><td>G\u00fcntzer, Peter<\/td><td>peter.guentzer &lt;at&gt; gmx.de<\/td><td><figure><a href=\"http:\/\/share.findmespot.com\/shared\/faces\/viewspots.jsp?glId=0ZaElsfgEYveqkrkSWy36Vm08re3AlJ0l\" target=\"_blank\" rel=\"noopener noreferrer\"><img decoding=\"async\" class=\"aligncenter\" src=\"wp-content\/uploads\/2011\/11\/spot.gif\" alt=\"spot\"><\/a><\/figure><\/td><\/tr><tr><td><figure><a href=\"https:\/\/www.alpenflugzentrum.de\/wordpress\/?page_id=559\"><img decoding=\"async\" src=\"wp-content\/uploads\/2011\/12\/anneh.gif\" alt=\"anneh\"><\/a><\/figure><\/td><td>Hagl, Anneliese<\/td><td>hagl &lt;at&gt; expert-hagl.de<\/td><td><figure><a href=\"https:\/\/maps.findmespot.com\/s\/WMF7\" target=\"_blank\" rel=\"noopener noreferrer\"><img decoding=\"async\" class=\"aligncenter\" src=\"wp-content\/uploads\/2011\/11\/spot.gif\" alt=\"spot\"><\/a><\/figure><a href=\"https:\/\/ktrax.kisstech.ch\/plot?device=DD8476\" target=\"_blank\" rel=\"noopener noreferrer\">DD8476<\/a><\/td><\/tr><tr><td>&nbsp;<\/td><td>Hartmann, Dominic<\/td><td>&nbsp;<\/td><\/tr><tr><td><figure><a href=\"https:\/\/www.alpenflugzentrum.de\/wordpress\/?page_id=589\"><img decoding=\"async\" src=\"https:\/\/www.alpenflugzentrum.de\/wordpress\/wp-content\/uploads\/2011\/12\/rolandh.gif\" alt=\"rolandh\"><\/a><\/figure><\/td><td>Henz, Roland<\/td><td>dg600 &lt;at&gt; t-online.de<\/td><td><figure><a href=\"https:\/\/maps.findmespot.com\/s\/Z572\" target=\"_blank\" rel=\"noopener noreferrer\"><img decoding=\"async\" class=\"aligncenter\" src=\"wp-content\/uploads\/2011\/11\/spot.gif\" alt=\"spot\"><\/a><\/figure><br><a href=\"https:\/\/ktrax.kisstech.ch\/plot?device=3E76F5\" target=\"_blank\" rel=\"noopener noreferrer\">3E76F5<\/a><\/td><\/tr><tr><td>&nbsp;<\/td><td>H\u00f6lzl, Matthias<\/td><td>matthias.hoelzl &lt;at&gt; hno.de<\/td><td>&nbsp;<\/td><\/tr><tr><td><figure><a href=\"?page_id=611\"><img decoding=\"async\" src=\"wp-content\/uploads\/2011\/12\/dennish.gif\" alt=\"dennish\"><\/a><\/figure><\/td><td>Hoenisch, Dennis<\/td><td>dennishoenisch &lt;at&gt; aol.com<\/td><td><a href=\"https:\/\/ktrax.kisstech.ch\/plot?device=DD9889\" target=\"_blank\" rel=\"noopener noreferrer\">DD9889<\/a><\/td><\/tr><tr><td>&nbsp;<\/td><td>Hoffmann, Ute<\/td><td>u.hoffmann &lt;at&gt; Vision-wandel.de<\/td><td>&nbsp;<\/td><\/tr><tr><td>&nbsp;<\/td><td>Holzmann, Dr. Thomas<\/td><td>dr.thomas.holzmann &lt;at&gt; t-online.de<\/td><td><figure><a href=\"https:\/\/maps.findmespot.com\/s\/PVCV\" target=\"_blank\" rel=\"noopener noreferrer\"><img decoding=\"async\" class=\"aligncenter\" src=\"wp-content\/uploads\/2011\/11\/spot.gif\" alt=\"spot\"><\/a><\/figure><br><a href=\"https:\/\/ktrax.kisstech.ch\/plot?device=DDDCC4\" target=\"_blank\" rel=\"noopener noreferrer\">DDDCC4<\/a><\/td><\/tr><tr><td>&nbsp;<\/td><td>Huber, Franz<\/td><td>segelschule.huber &lt;at&gt; t-online.de<\/td><td>&nbsp;<\/td><\/tr><tr><td>&nbsp;<\/td><td>Hurler, Max<\/td><td>max.hurler &lt;at&gt; web.de<\/td><td>&nbsp;<\/td><\/tr><tr><td>&nbsp;<\/td><td>Jagenow, Matthias<\/td><td>matthias.jagenow &lt;at&gt; gmx.de<\/td><td>&nbsp;<\/td><\/tr><tr><td><figure><a href=\"?page_id=629\"><img decoding=\"async\" src=\"wp-content\/uploads\/2011\/12\/philipj.gif\" alt=\"philipj\"><\/a><\/figure><\/td><td>Joens, Philip<\/td><td>ls7 &lt;at&gt; joensware.de<\/td><td><a href=\"https:\/\/ktrax.kisstech.ch\/plot?device=DF12EE\" target=\"_blank\" rel=\"noopener noreferrer\">DF12EE<\/a><\/td><\/tr><tr><td>&nbsp;<\/td><td>Kellerer, Andrea<\/td><td>andrea.kellerer &lt;at&gt; gmx.net<\/td><td>&nbsp;<\/td><\/tr><tr><td>&nbsp;<\/td><td>Klein, Christoph<\/td><td>info &lt;at&gt; travelbyglider.eu<\/td><td><figure><a href=\"https:\/\/maps.findmespot.com\/s\/FF73#live\/assets\" target=\"_blank\" rel=\"noopener noreferrer\"><img decoding=\"async\" class=\"aligncenter\" src=\"wp-content\/uploads\/2011\/11\/spot.gif\" alt=\"spot\"><\/a><\/figure><\/td><td>&nbsp;<\/td><\/tr><tr><td>&nbsp;<\/td><td>Koch, Sven<\/td><td>R8-team &lt;at&gt; web.de<\/td><td><figure><a href=\"http:\/\/share.findmespot.com\/shared\/faces\/viewspots.jsp?glId=0D7lHK8vXHg8gAo35ZhM1mipc5vO9xDuO\" target=\"_blank\" rel=\"noopener noreferrer\"><img decoding=\"async\" class=\"aligncenter\" src=\"wp-content\/uploads\/2011\/11\/spot.gif\" alt=\"spot\"><\/a><\/figure><\/td><td>&nbsp;<\/td><\/tr><tr><td>&nbsp;<\/td><td>Kohlmeister, Stefan<\/td><td>stefan.kohlmeister &lt;at&gt; live.de<\/td><td>&nbsp;<\/td><\/tr><tr><td>&nbsp;<\/td><td>Kraft, Christian<\/td><td>kraftchristian89 &lt;at&gt; aol.com<\/td><td>&nbsp;<\/td><\/tr><tr><td>&nbsp;<\/td><td>Kudelka, Philipp<\/td><td>philipp &lt;at&gt; l-ton.de<\/td><td>&nbsp;<\/td><\/tr><tr><td><figure><a href=\"https:\/\/www.alpenflugzentrum.de\/wordpress\/?page_id=665\"><img decoding=\"async\" src=\"https:\/\/www.alpenflugzentrum.de\/wordpress\/wp-content\/uploads\/2011\/12\/hansl.gif\" alt=\"hansl\"><\/a><\/figure><\/td><td>Limmer, Hans<\/td><td>hlimmer &lt;at&gt; freenet.de<\/td><td><a href=\"https:\/\/ktrax.kisstech.ch\/plot?device=DD946E\" target=\"_blank\" rel=\"noopener noreferrer\">DD946E<\/a><\/td><\/tr><tr><td>&nbsp;<\/td><td>Lutz, Josef<\/td><td>felsenkind &lt;at&gt; gmx.de<\/td><td>&nbsp;<\/td><\/tr><tr><td><figure><a href=\"?page_id=686\"><img decoding=\"async\" src=\"wp-content\/uploads\/2011\/12\/janl.gif\" alt=\"janl\"><\/a><\/figure><\/td><td>Lyczywek, Jan<\/td><td>jan.lyczywek &lt;at&gt; gmx.de<\/td><td><figure><a href=\"https:\/\/maps.findmespot.com\/s\/CMMH\" target=\"_blank\" rel=\"noopener noreferrer\"><img decoding=\"async\" class=\"aligncenter\" src=\"wp-content\/uploads\/2011\/11\/spot.gif\" alt=\"spot\"><\/a><\/figure><br><a href=\"https:\/\/ktrax.kisstech.ch\/plot?device=DD947D\" target=\"_blank\" rel=\"noopener noreferrer\">DD947D<\/a><\/td><\/tr><tr><td>&nbsp;<\/td><td>Maack, Rainer<\/td><td>rainer &lt;at&gt; schreinerei-maack.de<\/td><td>&nbsp;<\/td><\/tr><tr><td>&nbsp;<\/td><td>Molin, Jens<\/td><td>&nbsp;<\/td><\/tr><tr><td>&nbsp;<\/td><td>Morgenstern, Uwe<\/td><td>uwe.morgenstern &lt;at&gt; gmx.net<\/td><td><figure><a href=\"http:\/\/share.findmespot.com\/shared\/faces\/viewspots.jsp?glId=0jFF0N0WnkDTfvk56XOteAs6Lo6mrASlz\" target=\"_blank\" rel=\"noopener noreferrer\"><img decoding=\"async\" class=\"aligncenter\" src=\"wp-content\/uploads\/2011\/11\/spot.gif\" alt=\"spot\"><\/a><\/figure><a href=\"https:\/\/ktrax.kisstech.ch\/plot?device=0D9233\" target=\"_blank\" rel=\"noopener noreferrer\">0D9233<\/a><\/td><\/tr><tr><td><figure><a href=\"?page_id=696\"><img decoding=\"async\" src=\"wp-content\/uploads\/2011\/12\/markusm.gif\" alt=\"markusm\"><\/a><\/figure><\/td><td>M\u00fcller, Markus<\/td><td>markus-mueller49 &lt;at&gt; web.de<\/td><td><figure><a href=\"https:\/\/maps.findmespot.com\/s\/X5PV\" target=\"_blank\" rel=\"noopener noreferrer\"><img decoding=\"async\" class=\"aligncenter\" src=\"wp-content\/uploads\/2011\/11\/spot.gif\" alt=\"spot\"><\/a><\/figure><br><a href=\"https:\/\/ktrax.kisstech.ch\/plot?device=DD973B\" target=\"_blank\" rel=\"noopener noreferrer\">DD973B<\/a><\/td><\/tr><tr><td><figure><a href=\"?page_id=735\"><img decoding=\"async\" src=\"wp-content\/uploads\/2011\/12\/martinm.gif\" alt=\"martinm\"><\/a><\/figure><\/td><td>M\u00fcller, Martin<\/td><td>mueller-a-m &lt;at&gt; gmx.net<\/td><td>&nbsp;<\/td><\/tr><tr><td>&nbsp;<\/td><td>M\u00fcller, Michael<\/td><td>mueller &lt;at&gt; agnos.de<\/td><td>&nbsp;<\/td><\/tr><tr><td><figure><a href=\"?page_id=748\"><img decoding=\"async\" src=\"wp-content\/uploads\/2011\/12\/mathiasm.gif\" alt=\"mathiasm\"><\/a><\/figure><\/td><td>M\u00fcnch, Dr. Mathias<\/td><td>mathias.muench &lt;at&gt; mathias-muench.de<\/td><td><figure><a href=\"https:\/\/maps.findmespot.com\/s\/MXJH\" target=\"_blank\" rel=\"noopener noreferrer\"><img decoding=\"async\" class=\"aligncenter\" src=\"wp-content\/uploads\/2011\/11\/spot.gif\" alt=\"spot\"><\/a><\/figure><br><a href=\"https:\/\/ktrax.kisstech.ch\/plot?device=DD9645\" target=\"_blank\" rel=\"noopener noreferrer\">DD9645<\/a><\/td><\/tr><tr><td>&nbsp;<\/td><td>M\u00fcnchow, Thomas<\/td><td>tm &lt;at&gt; muenchow-it.de<\/td><\/tr><tr><td>&nbsp;<\/td><td>Neuffer, Claus<\/td><td>&nbsp;<\/td><\/tr><tr><td><figure><a href=\"?page_id=905\"><img decoding=\"async\" src=\"wp-content\/uploads\/2012\/02\/nataschao.gif\" alt=\"nataschao\"><\/a><\/figure><\/td><td>Ortlieb, Natascha<\/td><td>hngf303 &lt;at&gt; web.de<\/td><td>&nbsp;<\/td><\/tr><tr><td>&nbsp;<\/td><td>Pfitzinger, Paulo<\/td><td>paulo.pfitzinger &lt;at&gt; online.de<\/td><td>&nbsp;<\/td><\/tr><tr><td>&nbsp;<\/td><td>Poth, Cornelius<\/td><td>corni.poth &lt;at&gt; gmail.com<\/td><td>&nbsp;<\/td><\/tr><tr><td>&nbsp;<\/td><td>Pracher, Stefan<\/td><td>stefan.pracher &lt;at&gt; t-online.de<\/td><td>&nbsp;<\/td><\/tr><tr><td>&nbsp;<\/td><td>Pr\u00e4fke, J\u00f6rg<\/td><td>joergpraefke &lt;at&gt; gmx.de<\/td><td>&nbsp;<\/td><\/tr><tr><td>&nbsp;<\/td><td>Sachs, Dieter<\/td><td>(keine E-Mail Adresse)<\/td><td>&nbsp;<\/td><\/tr><tr><td><figure><a href=\"?page_id=2880\"><img decoding=\"async\" src=\"wp-content\/uploads\/2015\/01\/FredS_S.jpg\" alt=\"Fred Schiffmacher\"><\/a><\/figure><\/td><td>Schiffmacher, Fred<\/td><td>fred &lt;at&gt; shipmaker.de<\/td><td><figure><a href=\"https:\/\/maps.findmespot.com\/s\/QFR0\" target=\"_blank\" rel=\"noopener noreferrer\"><img decoding=\"async\" class=\"aligncenter\" src=\"wp-content\/uploads\/2011\/11\/spot.gif\" alt=\"spot\"><\/a><\/figure><br><a href=\"https:\/\/ktrax.kisstech.ch\/plot?device=3E6E71\" target=\"_blank\" rel=\"noopener noreferrer\">3E6E71<\/a><\/td><\/tr><tr><td>&nbsp;<\/td><td>Schmitt, Carolin<\/td><td>caros &lt;at&gt; web.de<\/td><td>&nbsp;<\/td><\/tr><tr><td><figure><a href=\"?page_id=1021\"><img decoding=\"async\" src=\"wp-content\/uploads\/2012\/04\/matze.gif\" alt=\"Matthias Schuendehuette\"><\/a><\/figure><\/td><td>Sch\u00fcndeh\u00fctte, Matthias<\/td><td>matthias &lt;at&gt; alpenflugzentrum.de<\/td><td><figure><a href=\"https:\/\/maps.findmespot.com\/s\/FZM6\" target=\"_blank\" rel=\"noopener noreferrer\"><img decoding=\"async\" class=\"aligncenter\" src=\"wp-content\/uploads\/2011\/11\/spot.gif\" alt=\"spot\"><\/a><\/figure><br><a href=\"https:\/\/ktrax.kisstech.ch\/plot?device=3F05D3\" target=\"_blank\" rel=\"noopener noreferrer\">3F05D3<\/a><\/td><\/tr><tr><td>&nbsp;<\/td><td>Schwemmer, Johannes<\/td><td>Johannes.Schwemmer &lt;at&gt; outlook.com<\/td><td>&nbsp;<\/td><\/tr><tr><td>&nbsp;<\/td><td>Siegert, Alfred<\/td><td>ali.siegert &lt;at&gt; gmail.com<\/td><td>&nbsp;<\/td><\/tr><tr><td>&nbsp;<\/td><td>Sitku, Zoltan<\/td><td>z.sitku &lt;at&gt; web.de<\/td><td>&nbsp;<\/td><\/tr><tr><td>&nbsp;<\/td><td>Spangenberg, Holger<\/td><td>holger.spangenberg &lt;at&gt; gmx.de<\/td><td>&nbsp;<\/td><\/tr><tr><td>&nbsp;<\/td><td>Stadter, J\u00f6rg<\/td><td>joerg-stadter.makler &lt;at&gt; web.de<\/td><td>&nbsp;<\/td><\/tr><tr><td>&nbsp;<\/td><td>Stadter, Marco<\/td><td>stadter.marco &lt;at&gt; arcor.de<\/td><td>&nbsp;<\/td><\/tr><tr><td><\/td><td>Stadtlander, Marc<\/td><td><\/td><td><\/td><\/tr><tr><td><figure><a href=\"?page_id=1048\"><img decoding=\"async\" src=\"wp-content\/uploads\/2012\/04\/peters.gif\" alt=\"Peter Stahl\"><\/a><\/figure><\/td><td>Stahl, Peter<\/td><td>stahl_peter &lt;at&gt; web.de<\/td><td>&nbsp;<\/td><\/tr><tr><td>&nbsp;<\/td><td>Stahl, Philipp<\/td><td>der_stahl &lt;at&gt; web.de<\/td><td>&nbsp;<\/td><\/tr><tr><td>&nbsp;<\/td><td>Starzengruber, Martin<\/td><td>martin.starzengruber &lt;at&gt; gmx.de<\/td><td>&nbsp;<\/td><\/tr><tr><td>&nbsp;<\/td><td>Surkau, Dr. Reinhard<\/td><td>rsurkau &lt;at&gt; web.de<\/td><\/tr><tr><td><figure><a href=\"?page_id=1059\"><img decoding=\"async\" src=\"wp-content\/uploads\/2012\/04\/erics.gif\" alt=\"Eric Svenson\"><\/a><\/figure><\/td><td>Svenson, Eric<\/td><td>esvenson &lt;at&gt; gmx.de<\/td><td>&nbsp;<\/td><\/tr><tr><td>&nbsp;<\/td><td>Then, Johann<\/td><td>johann.then &lt;at&gt; web.de<\/td><td>&nbsp;<\/td><\/tr><tr><td>&nbsp;<\/td><td>Then, Thomas<\/td><td>thomas.then &lt;at&gt; web.de<\/td><td>&nbsp;<\/td><\/tr><tr><td><figure><a href=\"?page_id=1091\"><img decoding=\"async\" src=\"wp-content\/uploads\/2012\/04\/kurtt.gif\" alt=\"Kurt Toepfer\"><\/a><\/figure><\/td><td>Toepfer, Kurt<\/td><td>kurttoepfer &lt;at&gt; t-online.de<\/td><td><figure><a href=\"http:\/\/share.findmespot.com\/shared\/faces\/viewspots.jsp?glId=0651K33Maq7ViYBYS9lEgDV6n0cqk4QQj\" target=\"_blank\" rel=\"noopener noreferrer\"><img decoding=\"async\" class=\"aligncenter\" src=\"wp-content\/uploads\/2011\/11\/spot.gif\" alt=\"spot\"><\/a><\/figure><br><a href=\"https:\/\/ktrax.kisstech.ch\/plot?device=DD9F51\" target=\"_blank\" rel=\"noopener noreferrer\">DD9F51<\/a><\/td><\/tr><tr><td>&nbsp;<\/td><td>Tr\u00fcmper, Arno<\/td><td>at &lt;at&gt; truemper.com<\/td><\/tr><tr><td>&nbsp;<\/td><td>Vehse, Axel<\/td><td>&nbsp;<\/td><\/tr><tr><td>&nbsp;<\/td><td>Vennekohl, Friedrich<\/td><td>friedrich &lt;at&gt; vennekohl.de<\/td><td>&nbsp;<\/td><\/tr><tr><td>&nbsp;<\/td><td>Weber, Carlos<\/td><td>carlos.weber &lt;at&gt; gmx.de<\/td><td>&nbsp;<\/td><\/tr><tr><td>&nbsp;<\/td><td>Wicht, Dr. Tobias<\/td><td>tobias.wicht &lt;at&gt; t-online.de<\/td><td><a href=\"https:\/\/maps.findmespot.com\/s\/NH6G\" target=\"_blank\" rel=\"noopener noreferrer\"><figure><img decoding=\"async\" class=\"aligncenter\" src=\"https:\/\/www.alpenflugzentrum.de\/wordpress\/wp-content\/uploads\/2011\/11\/spot.gif\" alt=\"spot\"><\/figure><br><\/a><a href=\"https:\/\/ktrax.kisstech.ch\/plot?device=DDDC6F\" target=\"_blank\" rel=\"noopener noreferrer\">DDDC6F<\/a><\/td><\/tr><tr><td>&nbsp;<\/td><td>Wierer, Reinhard<\/td><td>r.w &lt;at&gt; wierer-ing.de<\/td><td>&nbsp;<\/td><\/tr><tr><td>&nbsp;<\/td><td>Wimmer, Tilman<\/td><td>&nbsp;<\/td><\/tr><tr><td>&nbsp;<\/td><td>Zummach, Jan<\/td><td>jan.zummach &lt;at&gt; gmx.de<\/td><td>&nbsp;<\/td><\/tr><\/tbody><\/table><\/figure>\n<\/div>\n<\/div>\n\n\n\n<h2 class=\"wp-block-heading\">F\u00f6rdernde Mitglieder<\/h2>\n\n\n\n<figure class=\"wp-block-table\"><table class=\"has-fixed-layout\"><thead><tr><th>Portrait<\/th><th>Name, Vorname<\/th><th>E-Mail<\/th><th>Spot<br>FlarmID<\/th><\/tr><\/thead><tbody><tr><td><figure><a href=\"?page_id=1131\"><img decoding=\"async\" src=\"wp-content\/uploads\/2012\/04\/joblum2.gif\" alt=\"Jo Blum\"><\/a><\/figure><\/td><td>Blum, Joachim<\/td><td>jo.blum &lt;at&gt; web.de<\/td><td>&nbsp;<\/td><\/tr><tr><td>&nbsp;<\/td><td>Christmann, Katerina<\/td><td>katerina.christmann &lt;at&gt; yahoo.de<\/td><td>&nbsp;<\/td><\/tr><tr><td>&nbsp;<\/td><td>Klein, Gabriele<\/td><td>kleinegaby &lt;at&gt; arcor.de<\/td><td>&nbsp;<\/td><\/tr><tr><td>&nbsp;<\/td><td>Klein, Thomas<\/td><td>&nbsp;<\/td><td>&nbsp;<\/td><\/tr><tr><td>&nbsp;<\/td><td>Kupzog, Jan<\/td><td>jan.kupzog &lt;at&gt; gmx.de<\/td><td>&nbsp;<\/td><\/tr><tr><td><figure><a href=\"?page_id=1141\"><img decoding=\"async\" src=\"wp-content\/uploads\/2012\/04\/nicholasl.gif\" alt=\"Nic Laux\"><\/a><\/figure><\/td><td>Laux, Nicholas<\/td><td>nicholas.laux &lt;at&gt; cantab.net<\/td><td>&nbsp;<\/td><\/tr><tr><td>&nbsp;<\/td><td>Matt, Manuel<\/td><td>fliegermanuel &lt;at&gt; aol.com<\/td><td>&nbsp;<\/td><\/tr><tr><td>&nbsp;<\/td><td>Mewes, Hans-Werner<\/td><td>w.mewes &lt;at&gt; gsf.de<\/td><td>&nbsp;<\/td><\/tr><tr><td>&nbsp;<\/td><td>Then, Josef<\/td><td>josef.then &lt;at&gt; web.de<\/td><td>&nbsp;<\/td><\/tr><tr><td>&nbsp;<\/td><td>Vacano, Marcus<\/td><td>vacano_architekt &lt;at&gt; hotmail.com<\/td><td>&nbsp;<\/td><\/tr><tr><td>&nbsp;<\/td><td>Walter, Manfred<\/td><td>mail &lt;at&gt; manfred-walter.de<\/td><td>&nbsp;<\/td><\/tr><\/tbody><\/table><\/figure>\n","protected":false},"excerpt":{"rendered":"<p>So mu\u00df es aussehen, wenn anst\u00e4ndig Kilometer dabei herauskommen sollen \ud83d\ude42 &nbsp; (Anklicken des jeweiligen Pilotenbildchen zeigt das schriftlichen Portr\u00e4t des Piloten) Portrait Name, Vorname E-Mail SpotFlarmID &nbsp; Ager, Thomas thomas &lt;at&gt; optik-ager.de &nbsp; &nbsp; Baatz, Dr. Martin marbaatz &lt;at&gt; gmx.de &nbsp; &nbsp; Baranowski, Ute 1d_c2 &lt;at&gt; flachkurbler.de &nbsp; &nbsp; Baranowski, Axel 1d_c2 &lt;at&gt; flachkurbler.de &hellip; <a href=\"https:\/\/www.alpenflugzentrum.de\/wordpress\/?page_id=195\" class=\"more-link\"><span class=\"screen-reader-text\">Piloten<\/span> weiterlesen <span class=\"meta-nav\">&rarr;<\/span><\/a><\/p>\n","protected":false},"author":5,"featured_media":0,"parent":0,"menu_order":0,"comment_status":"closed","ping_status":"closed","template":"","meta":{"footnotes":""},"class_list":["post-195","page","type-page","status-publish","hentry"],"_links":{"self":[{"href":"https:\/\/www.alpenflugzentrum.de\/wordpress\/index.php?rest_route=\/wp\/v2\/pages\/195","targetHints":{"allow":["GET"]}}],"collection":[{"href":"https:\/\/www.alpenflugzentrum.de\/wordpress\/index.php?rest_route=\/wp\/v2\/pages"}],"about":[{"href":"https:\/\/www.alpenflugzentrum.de\/wordpress\/index.php?rest_route=\/wp\/v2\/types\/page"}],"author":[{"embeddable":true,"href":"https:\/\/www.alpenflugzentrum.de\/wordpress\/index.php?rest_route=\/wp\/v2\/users\/5"}],"replies":[{"embeddable":true,"href":"https:\/\/www.alpenflugzentrum.de\/wordpress\/index.php?rest_route=%2Fwp%2Fv2%2Fcomments&post=195"}],"version-history":[{"count":492,"href":"https:\/\/www.alpenflugzentrum.de\/wordpress\/index.php?rest_route=\/wp\/v2\/pages\/195\/revisions"}],"predecessor-version":[{"id":7971,"href":"https:\/\/www.alpenflugzentrum.de\/wordpress\/index.php?rest_route=\/wp\/v2\/pages\/195\/revisions\/7971"}],"wp:attachment":[{"href":"https:\/\/www.alpenflugzentrum.de\/wordpress\/index.php?rest_route=%2Fwp%2Fv2%2Fmedia&parent=195"}],"curies":[{"name":"wp","href":"https:\/\/api.w.org\/{rel}","templated":true}]}}