{"id":2263,"date":"2013-11-16T17:16:03","date_gmt":"2013-11-16T16:16:03","guid":{"rendered":"http:\/\/ww2.alpenflugzentrum.de\/wordpress\/?page_id=2263"},"modified":"2020-07-20T22:39:36","modified_gmt":"2020-07-20T20:39:36","slug":"ausschreibung-walter-weber-cup-2014","status":"publish","type":"page","link":"https:\/\/www.alpenflugzentrum.de\/wordpress\/?page_id=2263","title":{"rendered":"Ausschreibung Walter-Weber-Cup"},"content":{"rendered":"<p>Der Walter Weber Cup ist der Streckensegelflugpreis des Alpenflugzentrum Unterw\u00f6ssen.  Dieser Wettbewerb wurde zu Ehren von Walter Weber  <a href=\"https:\/\/www.alpenflugzentrum.de\/wordpress\/wp-content\/uploads\/2015\/08\/Walter_Weber.jpg\"><img loading=\"lazy\" decoding=\"async\" src=\"https:\/\/www.alpenflugzentrum.de\/wordpress\/wp-content\/uploads\/2015\/08\/Walter_Weber-235x300.jpg\" alt=\"Walter_Weber\" width=\"235\" height=\"300\" class=\"alignnone size-medium wp-image-3277\" srcset=\"https:\/\/www.alpenflugzentrum.de\/wordpress\/wp-content\/uploads\/2015\/08\/Walter_Weber-235x300.jpg 235w, https:\/\/www.alpenflugzentrum.de\/wordpress\/wp-content\/uploads\/2015\/08\/Walter_Weber.jpg 305w\" sizes=\"auto, (max-width: 235px) 100vw, 235px\" \/><\/a> ins Leben gerufen, der ganz wesentlich an der Entwicklung des Streckenflugs von Unterw\u00f6ssen aus Anteil hatte. Teilnahmeberechtigt sind alle SegelfliegerInnen, egal welcher Nationalit\u00e4t oder welchem Club sie angeh\u00f6ren. Gewertet werden Fl\u00fcge, die auf dem Flugplatz Unterw\u00f6ssen gestartet und f\u00fcr den OLC gemeldet wurden. Punktewertung, Wertungszeitraum etc. entsprechen dem OLC. Die aktuelle Hauptwertung kann im Internet unter&nbsp;<a href=\"https:\/\/www.onlinecontest.org\/olc-2.0\/gliding\/flightsOfAirfield.html?sp=2017&amp;c=C0&amp;d-2348235-o=1&amp;sc=&amp;rt=olc&amp;aa=UNTER1&amp;st=olcp&amp;d-2348235-s=1\" target=\"_blank\" rel=\"noopener noreferrer\">https:\/\/www.onlinecontest.org<\/a> eingesehen werden. Die Siegerehrung erfolgt im Rahmen der Saisonabschlussfeier der Alpenflugzentrums Unterw\u00f6ssen.<\/p>\n<p>Der Walter Weber Cup wird in zwei Klassen ausgetragen:<\/p>\n<h2>Hauptwertung<\/h2>\n<p>SiegerIn ist, wer den punktbesten Flug im OLC-Plus gemeldet hat. In der Hauptwertung wird ein Wanderpokal verliehen. Wird dieser dreimal in Folge vom selben Teilnehmer gewonnen, verbleibt der Pokal bei diesem.<\/p>\n<p><strong>Die bisherigen Cup-Gewinner in der Hauptwertung waren:<\/strong><\/p>\n<table rules=\"none\" style=\"font-size: 14px;\">\n<tbody>\n<tr>\n<td>2018<\/td>\n<td>Philipp Stahl<\/td>\n<td><\/td>\n<\/tr>\n<tr>\n<td>2017<\/td>\n<td>Philipp Stahl<\/td>\n<td><\/td>\n<\/tr>\n<tr>\n<td>2016<\/td>\n<td>Mathias M\u00fcnch<\/td>\n<td><\/td>\n<\/tr>\n<tr>\n<td>2015<\/td>\n<td>Jan Lyczywek<\/td>\n<td><\/td>\n<\/tr>\n<tr>\n<td>2014<\/td>\n<td>Kurt T\u00f6pfer<\/td>\n<td><\/td>\n<\/tr>\n<tr>\n<td>2013<\/td>\n<td>Kurt T\u00f6pfer<\/td>\n<td><\/td>\n<\/tr>\n<tr>\n<td>2012<\/td>\n<td>Mathias M\u00fcnch<\/td>\n<td><\/td>\n<\/tr>\n<tr>\n<td>2011<\/td>\n<td>Jan Lyczywek &#8211; Hans-Peter Kunze<\/td>\n<td><\/td>\n<\/tr>\n<tr>\n<td>2010<\/td>\n<td>Martin M\u00fcller<\/td>\n<td><\/td>\n<\/tr>\n<tr>\n<td>2009<\/td>\n<td>Kurt T\u00f6pfer<\/td>\n<td><\/td>\n<\/tr>\n<tr>\n<td>2008<\/td>\n<td>Jan Lyczywek<\/td>\n<td><\/td>\n<\/tr>\n<tr>\n<td>2007<\/td>\n<td>Wolfgang A. Lengauer<\/td>\n<td><\/td>\n<\/tr>\n<tr>\n<td>2006<\/td>\n<td>Martin M\u00fcller<\/td>\n<td><\/td>\n<\/tr>\n<tr>\n<td>2005<\/td>\n<td>Martin M\u00fcller<\/td>\n<td><\/td>\n<\/tr>\n<tr>\n<td>2004<\/td>\n<td>Martin M\u00fcller<\/td>\n<td><\/td>\n<\/tr>\n<\/tbody>\n<\/table>\n<h2>Aufsteigerwertung<\/h2>\n<p>Um den Walter-Weber-Cup auch f\u00fcr den Breitensport attraktiv zu machen, wurde ab der Saison 2008 die Aufsteigerwertung ins Leben gerufen. Ziel dieser Wertung ist es, nicht die absolute Spitzenleistung eines Jahres zu w\u00fcrdigen, sondern die pers\u00f6nliche Verbesserung eines Piloten gegen\u00fcber seinen bisherigen Leistungen.<\/p>\n<p>Hierzu wird die Steigerung der OLC Punktzahl eines Fluges als Basis genommen, also die Differenz der im Wertungsjahr erzielten Punkte zum bisher besten, seit dem Bestehen des Walter-Weber-Cup gemeldeten Fluges. Da eine Steigerung aber um so schwieriger wird, je h\u00f6her die Punktzahl schon ist, wird die Steigerung noch mit einem Korrekturfaktor multipliziert, n\u00e4mlich der Gesamtpunktzahl geteilt durch 100.<\/p>\n<p>Ein Beispiel: Unser Pilot hat einen Flug von 480 Punkten geschafft. Sein bislang bester Flug hatte nur 400 Punkte, er hat also 80 Punkte mehr geschafft. Diese 80 Punkte werden jetzt noch mit 4,8 multipliziert (die Gesamtpunktzahl durch 100). Unser Pilot hat also in der Aufsteigerwertung 384 Wertungspunkte erzielt.<\/p>\n<p>SiegerIn ist, wer nach der oben beschriebenen Punkteformel die meisten Punkte erringt. In der Aufsteigerwertung wird ein Pokal verliehen, der beim Teilnehmer verbleibt. Von der Wertung ausgenommen bleiben doppelsitzige Fl\u00fcge mit einem Trainer w\u00e4hrend DASSU-Streckenflugtrainings.<\/p>\n<p><strong>Die bisherigen Gewinner in der Aufsteigerwertung waren:<\/strong><\/p>\n<table rules=\"none\" style=\"font-size: 14px;\">\n<tbody>\n<tr>\n<td>2018<\/td>\n<td>Alexander Sch\u00fctz<\/td>\n<td><\/td>\n<\/tr>\n<tr>\n<td>2017<\/td>\n<td>Felix Frank<\/td>\n<td><\/td>\n<\/tr>\n<tr>\n<td>2016<\/td>\n<td>Tobias Wermann<\/td>\n<td><\/td>\n<\/tr>\n<tr>\n<td>2015<\/td>\n<td>Sven Koch<\/td>\n<td><\/td>\n<\/tr>\n<tr>\n<td>2014<\/td>\n<td>Stefan Kohlmeister<\/td>\n<td><\/td>\n<\/tr>\n<tr>\n<td>2013<\/td>\n<td>Peter G\u00fcntzer &#8211; Martin M\u00fcller<\/td>\n<td><\/td>\n<\/tr>\n<tr><\/tr>\n<tr>\n<td>2012<\/td>\n<td>Felix Maier<\/td>\n<td><\/td>\n<\/tr>\n<tr>\n<td>2012<\/td>\n<td>Bernhard Fengl<\/td>\n<td><\/td>\n<\/tr>\n<tr><\/tr>\n<\/tbody>\n<\/table>\n<h2< h2=\"\"><\/h2<>\n","protected":false},"excerpt":{"rendered":"<p>Der Walter Weber Cup ist der Streckensegelflugpreis des Alpenflugzentrum Unterw\u00f6ssen. Dieser Wettbewerb wurde zu Ehren von Walter Weber ins Leben gerufen, der ganz wesentlich an der Entwicklung des Streckenflugs von Unterw\u00f6ssen aus Anteil hatte. Teilnahmeberechtigt sind alle SegelfliegerInnen, egal welcher Nationalit\u00e4t oder welchem Club sie angeh\u00f6ren. Gewertet werden Fl\u00fcge, die auf dem Flugplatz Unterw\u00f6ssen gestartet &hellip; <a href=\"https:\/\/www.alpenflugzentrum.de\/wordpress\/?page_id=2263\" class=\"more-link\"><span class=\"screen-reader-text\">Ausschreibung Walter-Weber-Cup<\/span> weiterlesen <span class=\"meta-nav\">&rarr;<\/span><\/a><\/p>\n","protected":false},"author":5,"featured_media":0,"parent":0,"menu_order":0,"comment_status":"closed","ping_status":"closed","template":"","meta":{"footnotes":""},"class_list":["post-2263","page","type-page","status-publish","hentry"],"_links":{"self":[{"href":"https:\/\/www.alpenflugzentrum.de\/wordpress\/index.php?rest_route=\/wp\/v2\/pages\/2263","targetHints":{"allow":["GET"]}}],"collection":[{"href":"https:\/\/www.alpenflugzentrum.de\/wordpress\/index.php?rest_route=\/wp\/v2\/pages"}],"about":[{"href":"https:\/\/www.alpenflugzentrum.de\/wordpress\/index.php?rest_route=\/wp\/v2\/types\/page"}],"author":[{"embeddable":true,"href":"https:\/\/www.alpenflugzentrum.de\/wordpress\/index.php?rest_route=\/wp\/v2\/users\/5"}],"replies":[{"embeddable":true,"href":"https:\/\/www.alpenflugzentrum.de\/wordpress\/index.php?rest_route=%2Fwp%2Fv2%2Fcomments&post=2263"}],"version-history":[{"count":30,"href":"https:\/\/www.alpenflugzentrum.de\/wordpress\/index.php?rest_route=\/wp\/v2\/pages\/2263\/revisions"}],"predecessor-version":[{"id":5424,"href":"https:\/\/www.alpenflugzentrum.de\/wordpress\/index.php?rest_route=\/wp\/v2\/pages\/2263\/revisions\/5424"}],"wp:attachment":[{"href":"https:\/\/www.alpenflugzentrum.de\/wordpress\/index.php?rest_route=%2Fwp%2Fv2%2Fmedia&parent=2263"}],"curies":[{"name":"wp","href":"https:\/\/api.w.org\/{rel}","templated":true}]}}