{"id":2295,"date":"2013-11-23T18:04:30","date_gmt":"2013-11-23T17:04:30","guid":{"rendered":"http:\/\/ww2.alpenflugzentrum.de\/wordpress\/?page_id=2295"},"modified":"2020-07-20T23:04:48","modified_gmt":"2020-07-20T21:04:48","slug":"ausschreibung-wolfgang-lengauer-cup","status":"publish","type":"page","link":"https:\/\/www.alpenflugzentrum.de\/wordpress\/?page_id=2295","title":{"rendered":"Ausschreibung Wolfgang-Lengauer-Cup"},"content":{"rendered":"<p>Der Wolfgang-Lengauer-Cup ist ein Streckensegelflugpreis des Alpenflugzentrums Unterw\u00f6ssen, mit dem m\u00f6glichst gro\u00dfe freie Streckenfl\u00fcge ausgehend von Unterw\u00f6ssen gef\u00f6rdert werden sollen. Dieser Wettbewerb wurde zu Ehren von Wolfgang Lengauer <a href=\"https:\/\/www.alpenflugzentrum.de\/wordpress\/wp-content\/uploads\/2015\/08\/WolfgangLengauer3.jpg\"><img loading=\"lazy\" decoding=\"async\" src=\"https:\/\/www.alpenflugzentrum.de\/wordpress\/wp-content\/uploads\/2015\/08\/WolfgangLengauer3-300x225.jpg\" alt=\"WolfgangLengauer3\" width=\"300\" height=\"225\" class=\"alignnone size-medium wp-image-3272\" srcset=\"https:\/\/www.alpenflugzentrum.de\/wordpress\/wp-content\/uploads\/2015\/08\/WolfgangLengauer3-300x225.jpg 300w, https:\/\/www.alpenflugzentrum.de\/wordpress\/wp-content\/uploads\/2015\/08\/WolfgangLengauer3.jpg 600w\" sizes=\"auto, (max-width: 300px) 100vw, 300px\" \/><\/a>  ins Leben gerufen, der Haupinitiator f\u00fcr die Gr\u00fcndung unseres Vereins und allererster 1. Vorsitzender war. Teilnahmeberechtigt sind alle SegelfliegerInnen, unabh\u00e4ngig von Nationalit\u00e4t oder Clubzugeh\u00f6rigkeit. Gewertet werden Fl\u00fcge, die auf dem Flugplatz Unterw\u00f6ssen gestartet und f\u00fcr den OLC gemeldet wurden.<\/p>\n<h3>Wertungszeitraum<\/h3>\n<p>Der Wertungszeitraum entspricht dem OLC-Wertungszeitraum.<\/p>\n<h3>Wertungsregeln<\/h3>\n<ol start=\"1\">\n<li>Eine Anmeldung des Fluges vor dem Start ist nicht erforderlich.<\/li>\n<li>Der Start muss am Flugplatz Unterw\u00f6ssen erfolgen.<\/li>\n<li>Gewertet wird die Distanz von einem Abflugpunkt \u00fcber einen Wendepunkt zu einem Endpunkt. Abflugpunkt, Wendepunkt und Endpunkt k\u00f6nnen entlang des aufgezeichneten Flugweges frei gew\u00e4hlt werden. Dabei gilt:\n<ol type=\"i\">\n<li>Die H\u00f6hendifferenz zwischen Abflug- und Endpunkt darf maximal 1000 Meter betragen.<\/li>\n<li>Der gesamte Flug zwischen Abflug- und Endpunkt muss im reinen Segelflug erfolgen.<\/li>\n<\/ol>\n<\/li>\n<li>Die Distanz vom Abflugpunkt \u00fcber den Wendepunkt zum Endpunkt wird mit einem Rohpunkt pro Kilometer bewertet. Zum Ausgleich der Flugzeug-Leistungsunterschiede wird die ermittelte Rohpunktzahl mit 100 multipliziert und durch den g\u00fcltigen DAeC-Index dividiert. Das Ergebnis, auf Hundertstel gerundet, ist die Wertungspunktzahl.<\/li>\n<\/ol>\n<h3>Einreichen zur Wertung<\/h3>\n<p>Damit ein Flug f\u00fcr den Wolfgang-Lengauer-Cup gewertet wird, muss der Flug zum OLC eingereicht und der Vorstand des Alpenflugzentrums Unterw\u00f6ssen informiert werden. Herausragende Fl\u00fcge k\u00f6nnen auch direkt durch den Vorstand zur Wertung herangezogen werden.<\/p>\n<h3>Siegerehrung und Preise<\/h3>\n<p>Die Siegerehrung erfolgt im Rahmen der Saisonabschlussfeier des Alpenflugzentrums Unterw\u00f6ssen. F\u00fcr den jeweils punkth\u00f6chsten Flug des Jahres wird ein Wanderpokal vergeben. F\u00fcr den ersten Flug mit einer Wertungsdistanz entsprechend dieser Ausschreibung von mindestens eintausend Kilometer (ohne Ber\u00fccksichtigung des Flugzeugindex) wird als Sonderpreis eine <strong>Pr\u00e4mie von einmalig eintausend Euro <\/strong>vergeben.<\/p>\n<p>&nbsp;<\/p>\n<h3>Beispiele f\u00fcr die Wertungsformel<\/h3>\n<p>Die meisten Fl\u00fcge f\u00fcr den Wolfgang-Lengauer-Cup d\u00fcrften als (freie) Zielr\u00fcckkehrfl\u00fcge angelegt werden, so wie hier schematisch dargestellt. Rot der tats\u00e4chliche Flugweg, blau die Wertungsstrecke vom Abflugpunkt (AP) \u00fcber den einen Wendepunkt (WP) zum Endpunkt (EP).<br \/>\n<a href=\"https:\/\/www.alpenflugzentrum.de\/wordpress\/wp-content\/uploads\/2013\/11\/WLC_1.png\" target=\"_blank\" rel=\"noopener noreferrer\"><img loading=\"lazy\" decoding=\"async\" src=\"https:\/\/www.alpenflugzentrum.de\/wordpress\/wp-content\/uploads\/2013\/11\/WLC_1.png\" alt=\"WLC_1\" width=\"796\" height=\"283\" class=\"alignleft size-full wp-image-2307\" srcset=\"https:\/\/www.alpenflugzentrum.de\/wordpress\/wp-content\/uploads\/2013\/11\/WLC_1.png 796w, https:\/\/www.alpenflugzentrum.de\/wordpress\/wp-content\/uploads\/2013\/11\/WLC_1-300x106.png 300w\" sizes=\"auto, (max-width: 796px) 100vw, 796px\" \/><\/a><\/p>\n<p align=\"left\">Genauso sind aber auch Fl\u00fcge m\u00f6glich, bei denen die R\u00fcckkehr nicht gelingt, wie hier\u2026<\/p>\n<p><a href=\"https:\/\/www.alpenflugzentrum.de\/wordpress\/wp-content\/uploads\/2013\/11\/WLC_2.png\" target=\"_blank\" rel=\"noopener noreferrer\"><img loading=\"lazy\" decoding=\"async\" src=\"https:\/\/www.alpenflugzentrum.de\/wordpress\/wp-content\/uploads\/2013\/11\/WLC_2.png\" alt=\"WLC_2\" width=\"961\" height=\"279\" class=\"alignleft size-full wp-image-2308\" srcset=\"https:\/\/www.alpenflugzentrum.de\/wordpress\/wp-content\/uploads\/2013\/11\/WLC_2.png 961w, https:\/\/www.alpenflugzentrum.de\/wordpress\/wp-content\/uploads\/2013\/11\/WLC_2-300x87.png 300w\" sizes=\"auto, (max-width: 961px) 100vw, 961px\" \/><\/a><br \/>\n\u2026oder bei denen der zweite Schenkel sogar weiter f\u00fchrt als nur bis nach Hause zur\u00fcck, wie hier:<br \/>\n<a href=\"https:\/\/www.alpenflugzentrum.de\/wordpress\/wp-content\/uploads\/2013\/11\/WLC_3.png\" target=\"_blank\" rel=\"noopener noreferrer\"><img loading=\"lazy\" decoding=\"async\" src=\"https:\/\/www.alpenflugzentrum.de\/wordpress\/wp-content\/uploads\/2013\/11\/WLC_3.png\" alt=\"WLC_3\" width=\"969\" height=\"169\" class=\"alignleft size-full wp-image-2309\" srcset=\"https:\/\/www.alpenflugzentrum.de\/wordpress\/wp-content\/uploads\/2013\/11\/WLC_3.png 969w, https:\/\/www.alpenflugzentrum.de\/wordpress\/wp-content\/uploads\/2013\/11\/WLC_3-300x52.png 300w\" sizes=\"auto, (max-width: 969px) 100vw, 969px\" \/><\/a><br \/>\nAuch ist, zumindest theoretisch, ein schnurgerader Flug denkbar, bei dem die Lage des Wendepunktes gleichg\u00fcltig ist:<br \/>\n<a href=\"https:\/\/www.alpenflugzentrum.de\/wordpress\/wp-content\/uploads\/2013\/11\/WLC_4.png\" target=\"_blank\" rel=\"noopener noreferrer\"><img loading=\"lazy\" decoding=\"async\" src=\"https:\/\/www.alpenflugzentrum.de\/wordpress\/wp-content\/uploads\/2013\/11\/WLC_4.png\" alt=\"WLC_4\" width=\"975\" height=\"92\" class=\"alignleft size-full wp-image-2310\" srcset=\"https:\/\/www.alpenflugzentrum.de\/wordpress\/wp-content\/uploads\/2013\/11\/WLC_4.png 975w, https:\/\/www.alpenflugzentrum.de\/wordpress\/wp-content\/uploads\/2013\/11\/WLC_4-300x28.png 300w\" sizes=\"auto, (max-width: 975px) 100vw, 975px\" \/><\/a><br \/>\n&nbsp;<\/p>\n<p>In der Praxis werden solche Geradeausfl\u00fcge meist entlang einer mehr oder weniger geknickten Bahn verlaufen, wie in folgendem Beispiel:<br \/>\n<a href=\"https:\/\/www.alpenflugzentrum.de\/wordpress\/wp-content\/uploads\/2013\/11\/WLC_5.png\" target=\"_blank\" rel=\"noopener noreferrer\"><img loading=\"lazy\" decoding=\"async\" src=\"https:\/\/www.alpenflugzentrum.de\/wordpress\/wp-content\/uploads\/2013\/11\/WLC_5.png\" alt=\"WLC_5\" width=\"603\" height=\"356\" class=\"alignleft size-full wp-image-2311\" srcset=\"https:\/\/www.alpenflugzentrum.de\/wordpress\/wp-content\/uploads\/2013\/11\/WLC_5.png 603w, https:\/\/www.alpenflugzentrum.de\/wordpress\/wp-content\/uploads\/2013\/11\/WLC_5-300x177.png 300w\" sizes=\"auto, (max-width: 603px) 100vw, 603px\" \/><\/a><br \/>\nBei Jojo-Fl\u00fcgen k\u00f6nnen gem\u00e4\u00df Wertungsregeln nur die zwei l\u00e4ngsten Schenkel gewertet werden, so dass sich Jojos nicht f\u00fcr den Wolfgang-Lengauer-Cup lohnen werden:<br \/>\n<a href=\"https:\/\/www.alpenflugzentrum.de\/wordpress\/wp-content\/uploads\/2013\/11\/WLC_6.png\" target=\"_blank\" rel=\"noopener noreferrer\"><img loading=\"lazy\" decoding=\"async\" src=\"https:\/\/www.alpenflugzentrum.de\/wordpress\/wp-content\/uploads\/2013\/11\/WLC_6.png\" alt=\"WLC_6\" width=\"799\" height=\"289\" class=\"alignleft size-full wp-image-2312\" srcset=\"https:\/\/www.alpenflugzentrum.de\/wordpress\/wp-content\/uploads\/2013\/11\/WLC_6.png 799w, https:\/\/www.alpenflugzentrum.de\/wordpress\/wp-content\/uploads\/2013\/11\/WLC_6-300x108.png 300w\" sizes=\"auto, (max-width: 799px) 100vw, 799px\" \/><\/a><br \/>\nUnd, nicht vergessen: wer als erstes nach diesen Wertungsregeln 1000 km (ohne Indexkorrektur, also \u201eechte\u201c Kilometer) schafft, erh\u00e4lt eine <strong>Pr\u00e4mie von 1000 Euro<\/strong>!<\/p>\n<p><img loading=\"lazy\" decoding=\"async\" src=\"https:\/\/www.alpenflugzentrum.de\/wordpress\/wp-content\/uploads\/2013\/11\/WLC_7.png\" alt=\"WLC_7\" width=\"572\" height=\"339\" class=\"aligncenter size-full wp-image-2313\" srcset=\"https:\/\/www.alpenflugzentrum.de\/wordpress\/wp-content\/uploads\/2013\/11\/WLC_7.png 572w, https:\/\/www.alpenflugzentrum.de\/wordpress\/wp-content\/uploads\/2013\/11\/WLC_7-300x177.png 300w\" sizes=\"auto, (max-width: 572px) 100vw, 572px\" \/><\/p>\n<p><strong>Die bisherigen Gewinner des Pokals waren:<\/strong><\/p>\n<table rules=\"none\" style=\"font-size: 14px;\">\n<tbody>\n<tr>\n<td>2018<\/td>\n<td>Jan Lyczywek<\/td>\n<td><\/td>\n<\/tr>\n<tr>\n<td>2017<\/td>\n<td>Philip Joens<\/td>\n<td><\/td>\n<\/tr>\n<tr>\n<td>2016<\/td>\n<td>Markus M\u00fcller<\/td>\n<td><\/td>\n<\/tr>\n<tr>\n<td>2015<\/td>\n<td>Mathias M\u00fcnch<\/td>\n<td><\/td>\n<\/tr>\n<tr>\n<td>2014<\/td>\n<td>Martin Baatz<\/td>\n<td><\/td>\n<\/tr>\n<tr>\n<td>2013<\/td>\n<td>Kurt T\u00f6pfer<\/td>\n<td><\/td>\n<\/tr>\n<tr><\/tr>\n<tr>\n<td>2012<\/td>\n<td>Stefan Gorkenant &#8211; Jan Lyczywek<\/td>\n<td><\/td>\n<\/tr>\n<tr>\n<td>2011<\/td>\n<td>Jan Lyczywek<\/td>\n<td><\/td>\n<\/tr>\n<tr><\/tr>\n<\/tbody>\n<\/table>\n<h2< h2=\"\"><\/h2<>\n","protected":false},"excerpt":{"rendered":"<p>Der Wolfgang-Lengauer-Cup ist ein Streckensegelflugpreis des Alpenflugzentrums Unterw\u00f6ssen, mit dem m\u00f6glichst gro\u00dfe freie Streckenfl\u00fcge ausgehend von Unterw\u00f6ssen gef\u00f6rdert werden sollen. Dieser Wettbewerb wurde zu Ehren von Wolfgang Lengauer ins Leben gerufen, der Haupinitiator f\u00fcr die Gr\u00fcndung unseres Vereins und allererster 1. Vorsitzender war. Teilnahmeberechtigt sind alle SegelfliegerInnen, unabh\u00e4ngig von Nationalit\u00e4t oder Clubzugeh\u00f6rigkeit. Gewertet werden Fl\u00fcge, &hellip; <a href=\"https:\/\/www.alpenflugzentrum.de\/wordpress\/?page_id=2295\" class=\"more-link\"><span class=\"screen-reader-text\">Ausschreibung Wolfgang-Lengauer-Cup<\/span> weiterlesen <span class=\"meta-nav\">&rarr;<\/span><\/a><\/p>\n","protected":false},"author":5,"featured_media":0,"parent":0,"menu_order":0,"comment_status":"closed","ping_status":"closed","template":"","meta":{"footnotes":""},"class_list":["post-2295","page","type-page","status-publish","hentry"],"_links":{"self":[{"href":"https:\/\/www.alpenflugzentrum.de\/wordpress\/index.php?rest_route=\/wp\/v2\/pages\/2295","targetHints":{"allow":["GET"]}}],"collection":[{"href":"https:\/\/www.alpenflugzentrum.de\/wordpress\/index.php?rest_route=\/wp\/v2\/pages"}],"about":[{"href":"https:\/\/www.alpenflugzentrum.de\/wordpress\/index.php?rest_route=\/wp\/v2\/types\/page"}],"author":[{"embeddable":true,"href":"https:\/\/www.alpenflugzentrum.de\/wordpress\/index.php?rest_route=\/wp\/v2\/users\/5"}],"replies":[{"embeddable":true,"href":"https:\/\/www.alpenflugzentrum.de\/wordpress\/index.php?rest_route=%2Fwp%2Fv2%2Fcomments&post=2295"}],"version-history":[{"count":25,"href":"https:\/\/www.alpenflugzentrum.de\/wordpress\/index.php?rest_route=\/wp\/v2\/pages\/2295\/revisions"}],"predecessor-version":[{"id":5425,"href":"https:\/\/www.alpenflugzentrum.de\/wordpress\/index.php?rest_route=\/wp\/v2\/pages\/2295\/revisions\/5425"}],"wp:attachment":[{"href":"https:\/\/www.alpenflugzentrum.de\/wordpress\/index.php?rest_route=%2Fwp%2Fv2%2Fmedia&parent=2295"}],"curies":[{"name":"wp","href":"https:\/\/api.w.org\/{rel}","templated":true}]}}