{"id":497,"date":"2011-12-04T11:58:05","date_gmt":"2011-12-04T10:58:05","guid":{"rendered":"http:\/\/ww2.alpenflugzentrum.de\/wordpress\/?page_id=497"},"modified":"2011-12-04T12:07:23","modified_gmt":"2011-12-04T11:07:23","slug":"497-2","status":"publish","type":"page","link":"https:\/\/www.alpenflugzentrum.de\/wordpress\/?page_id=497","title":{"rendered":"Kontrollierter Luftraum und Umgang mit ATC"},"content":{"rendered":"<p><em>von Kurt T\u00f6pfer<\/em><\/p>\n<p>Liebe Freunde,<\/p>\n<p>BZF ist f\u00fcr die meisten von Euch schon einige Zeit her, deswegen biete ich Euch hier eine kleine und vor allem praxisbezogene Auffrischung an:<\/p>\n<p>Wenn ich gleich vorweg eines empfehlen darf, dann bitte ich Euch, <strong>keine komplizierten Redewendungen<\/strong> oder extrem verk\u00fcrzte Spezialit\u00e4ten-Phrasiologie zu verwenden; ihr redet nicht mit Chicago Control oder Kennedy Approach, sondern mit \u201eInnschbruckch\u201c. Die Lotsen dort arbeiten nat\u00fcrlich auch professionell, aber wesentlich gem\u00fctlicher.<br \/>\nAm besten verstehen sie Euch auf bayrisch, also sprecht mit den Controlern bitte genauso unbefangen und im Klartext, wie mit Unterw\u00f6ssen Tower. Das gilt ebenso f\u00fcr Salzburg-Appr oder Samedan Fiso oder Wien Information.<\/p>\n<p>Vor Einflug in Airspace Charlie, Delta oder eine CTR muss eine Freigabe eingeholt werden: Hierzu wird erst der <strong>Initial call<\/strong> mit komplettem Callsign durchgef\u00fchrt. Meist erfolgt jetzt eine kleine Verz\u00f6gerung, denn der Controler oder sein Assistent muss sich erst Euer Rufzeichen notieren (fr\u00fcher auf einem Papierstreifen, heute im Computer). Danach braucht er Eure dreidimensionale Position, Flugzeugmuster (meist aus Callsign ersichtlich) und Eure Absicht. Fertig.<\/p>\n<p>Es erfolgt die Freigabe. Dies ist eine sogenannte <strong>Clearance<\/strong>, und sie mu\u00df zur\u00fcckgelesen werden, ebenso wie das QNH. Ihr tut euch am leichtesten, wenn Ihr genau wortw\u00f6rtlich wiederholt, was der Controler Euch sagt. Der restliche Funkverkehr kann mit \u201eRoger\u201c, \u201eWilco\u201c, oder mit verk\u00fcrztem Callsign best\u00e4tigt werden. \u201eAffirmative\u201c sagt man nicht mehr, sondern \u201eaffirm\u201c oder \u201enegative\u201c, um sie besser von einander unterscheiden zu k\u00f6nnen.<\/p>\n<p>Das war&#8217;s. Und jetzt zur Praxis:<\/p>\n<p>Bitte unbedingt alle <strong>H\u00f6henangaben<\/strong> in ft(QNH) = H\u00f6he in m(MSL) \/ 3 x 10;<br \/>\nbesser ist es, den Ft-H\u00f6henmesser im C4, Zander, LX o.\u00e4. zu aktivieren. Positionsangaben bitte immer bezogen auf markante Grosspunkte (z.B. nicht \u201eGoinger Halt\u201c oder \u201eTreffauer\u201c, sondern \u201eKaiser\u201c, das gilt f\u00fcr das gesamte wilde und zahme Massiv).<\/p>\n<hr \/>\n<p><strong>1. Beispiel:<\/strong><\/p>\n<p>Der Gaudeamusbart g\u00e4hdwiedsau, aber wir sind in 9500ft gedeckelt durch die SRA V:<\/p>\n<p>Pilot: \u201eInnsbruck Gr\u00fcssgott, D-1234.\u201c (Initial Call auf 119.27 MHz)<\/p>\n<p>Controller: \u201eD-\u2026 \u00e4hh\u2026 1234, Innsbruck, Gr\u00fcssgott.\u201c<\/p>\n<p>Pilot: \u201eD-34, Position Kaiser, H\u00f6he 9200ft, erbitte Steigflug auf 12500ft, bleibe am Kaiser.\u201c<\/p>\n<p>Controller: \u201eD-34, frei zum Steigen auf 12500ft, melden Sie, wenn Sie wieder unterhalb von 9500ft sind, oder den Kaiser verlassen. SRA Kitzb\u00fchler Alpen nicht aktiv.\u201c<\/p>\n<p>Pilot: \u201eD-34, frei zum Steigen auf 12500ft, melde wenn ich wieder unterhalb von 9500ft bin oder den Kaiser verlasse. SRA Kitzb\u00fchler Alpen nicht aktiv.\u201c<\/p>\n<p>Anmerkung: Im kontrollierten Luftraum: 1000ft\/300m unterhalb Basis bleiben. In der Kontrollzone darf man an die Basis herangehen.<\/p>\n<hr \/>\n<p><strong>2. Beispiel:<\/strong><\/p>\n<p>Im Karwendel ist es noch v\u00f6llig blau, im Inntal entwickeln sich erste kr\u00e4ftige Bummerl:<\/p>\n<p>Pilot: \u201eHallo Innsbruck , D-KABC.\u201c<\/p>\n<p>Controller: \u201eD-KABC, Innsbruck, hallo.\u201c<\/p>\n<p>Pilot: \u201eD-BC, im Segelflug, Position Rofan, H\u00f6he 9300ft, erbitte Einflug in Kontrollzone entlang der Nordkette zur Hohen Munde\u201c<\/p>\n<p>Controller: \u201eD-BC, frei zum Einflug, Sie k\u00f6nnen bis auf 12000ft steigen, melden Sie querab vom Airport und Seefeld.\u201c<\/p>\n<p>Pilot (liest w\u00f6rtlich zur\u00fcck und &#8218;leicht gestresst&#8216;): \u201eIch wei\u00df aber nicht genau, wo Seefeld is\u2026\u201c<\/p>\n<p>Controller: \u201eDes macht nix, dann melden Sie halt die Hohe Munde oder das Verlassen der Kontrollzone\u201c<\/p>\n<p>Pilot: \u201eOK, melde Hohe Munde\u201c<\/p>\n<p>Anmerkung: Klapptriebwerkler geben zur Unterscheidung zu TMGs mit X-Pondern besser an: \u201eim Segelflug\u201c. Aus dem Kennzeichen allein heraus erschlie\u00dft sich das nicht f\u00fcr ATC.<\/p>\n<hr \/>\n<p><strong>3. Beispiel:<\/strong><\/p>\n<p>Weiterflug Inn-aufw\u00e4rts ins Engadin:<\/p>\n<p>Pilot: \u201eSamedan gr\u00fcazi, D-1234.\u201c (Samedan Twr: 135.32 MHz)<\/p>\n<p>Controller: \u201eD-1234, Samedan gr\u00fcazi.\u201c<\/p>\n<p>Pilot: \u201eD-34, Position querab Zernez, H\u00f6he 11800ft, folge der Engadin-Westseite bis Samedan, danach Umkehr, ist die LD-D11 aktiv?\u201c<\/p>\n<p>Controller: \u201esch `s co`rrekt\u201d<\/p>\n<p>Pilot: \u201eDann flieg ich \u00fcbern Fl\u00fcelapass au\u00dfen rum, danke, wiedaluage.\u201d<\/p>\n<hr \/>\n<p><strong>4. Beispiel:<\/strong><\/p>\n<p>Heimflug am Patscherkofel vorbei, oder man m\u00f6chte die Inntal-Nordseite-Rofan-Abendbummerl mitnehmen:<\/p>\n<p>Pilot: \u201eHallo Innsbruck , D-KABC.\u201c<\/p>\n<p>Controller: \u201eD-KABC, Innsbruck.\u201c<\/p>\n<p>Pilot: \u201eD-BC, immer noch im Segelflug, negativ Transponder, Position Stubai, H\u00f6he 10800ft, erbitte Midfield-Crossing von S\u00fcd nach Nord, anschliessender Weiterflug entlang der Nordkette nach Kufstein.\u201c<\/p>\n<p>Controller: \u201eD-BC, QNH 1018, frei zum Einflug in die Kontrollzone, melden Sie \u00fcber dem Platz nicht unter 7000ft, melden&#8217;S Errreichen der Nordkette und den Rofan bieddsch\u00f6n.\u201c<\/p>\n<p>(Pilot wiederholt w\u00f6rtlich das QNH und die Freigabe)<\/p>\n<p>Anmerkung: Midfield-Crossing (quer \u00fcber den Platz) ist ein bew\u00e4hrter Durchflug durch CTRs \u00fcber dem anfliegenden IFR-Traffic und wird sogar in M\u00fcnchen und Frankfurt (und die sind wirklich busy) gew\u00e4hrt.<\/p>\n<hr \/>\n<p><strong>5. Beispiel:<\/strong><\/p>\n<p>In der Welle und es geht nur noch aufw\u00e4rts:<\/p>\n<p>Pilot: \u201eInnsbruck, D-1234\u201c<\/p>\n<p>Controller: \u201eD-1234, Innsbruck\u201c<\/p>\n<p>Pilot: \u201eD-34, Transponder equipped, Position n\u00f6rdlich Loferer, H\u00f6he 12000 ft in der Welle, erbitte Seigflug auf Flugfl\u00e4che 150\u201c<\/p>\n<p>Controller: \u201eD-34, squawk 7003\u201c<\/p>\n<p>Pilot: \u201e34, schalte Transponder auf 7003.\u201c<\/p>\n<p>Controller: \u201eD-34, Radar Contact, Sie k\u00f6nnen von mir aus bis auf FL170 steigen, wenn Sie h\u00f6her wollen, m\u00fcssen Sie Wien auf 124.4 rufen.\u201c<\/p>\n<p>Pilot: \u201eD-34, dankesch\u00f6n, steige nur auf FL 150 wegen Frost, danach Abgleiten nach Unterw\u00f6ssen\u201c<\/p>\n<p>Anmerkung:<\/p>\n<ul>\n<li>Umschalten auf 1013hp nicht vergessen ab FL125<\/li>\n<li>Staffelung IFR zu IFR: 1000ft<\/li>\n<li>Staffelung IFR zu VFR: manchmal nur 500ft (150m), sehr eng!<\/li>\n<\/ul>\n<hr \/>\n<p><strong>6. Beispiel:<\/strong><\/p>\n<p>\u00dcber den Karawanken g\u00e4hdsawiadsau, wie \u00fcber dem Kaiser ist man leider in 9500 ft gedeckelt. Aber den \u00f6stlichen Wendepunkt, den dat ma scho gern\u2026, bleibt nur eins:<\/p>\n<p>Pilot: \u201eLjubljana dobre dan, D-KABC.\u201c (LJU-Appr auf 135.27 MHz)<\/p>\n<p>Controller: \u201eD-KABC Ljubljana, good afternoon.\u201c<\/p>\n<p>Pilot: \u201eD-BC, glider, negative transponder, position 5km west of Loiblpass, altitude 9200ft, request climb to 11500 ft. (\u2026intention to follow Karawanken until Ljubljana airport and then return to the west\u2026 etc)\u201d<\/p>\n<p>Controller: \u201eD-BC, you are cleared to climb 11000ft, I have IFR-aproaches in 12000ft. Report reaching 11000ft or when below 9500ft again.\u201d<\/p>\n<p>Pilot: (liest w\u00f6rtlich zur\u00fcck\u2026) oder \u201eD-BC now below 9500ft, thank you and bye-bye.\u201d<\/p>\n<p>Anmerkung: Gerade im englischsprachlichen Umgang, (keine Angst, sie sind gut verst\u00e4ndlich) ist LJU-control auf klare Positionsangaben angewiesen, \u201eSeeberg\u2013Sattel\u201c kennen sie glaub&#8216; ich nicht, sehr wohl nat\u00fcrlich Loiblpasss, Lesce, Dolsco Vor, o.\u00e4. Tip: Reporting Points wie W1, Telsi (nahe Loibl), Berta aus der Jeppesen-Karte ins PDA oder als WP \u00fcbernehmen.<\/p>\n<hr \/>\n<p><strong>Weitere Anmerkungen:<\/strong><\/p>\n<p>Wer sich nicht sicher ist, ob er sich nach Aktivierung des Segelfluggebietes Kitzb\u00fchler Alpen oberhalb 9500ft im kontrollierten Luftraum befindet oder nicht (Abstand Cloudbase 1000ft), fragt am besten bei Innsbruck nach, mit Genehmigung darf man alles.<\/p>\n<p>Ist Kitzb\u00fchler Alpen nicht aktiviert und auch keine Sonderfreigabe erh\u00e4ltlich wg IFR-approaches, dann empfielt es sich eher, den H\u00f6hen\u00fcberschu\u00df ab Mayrhofen in 12500ft aussenherum \u00fcber Mittersill abzugleiten, als hinter dem Kreuzjoch die Klappen zu ziehen, damit man unter 9500ft kommt\u2026<\/p>\n<p>Viel Erfolg!<br \/>\nKurt<\/p>\n","protected":false},"excerpt":{"rendered":"<p>von Kurt T\u00f6pfer Liebe Freunde, BZF ist f\u00fcr die meisten von Euch schon einige Zeit her, deswegen biete ich Euch hier eine kleine und vor allem praxisbezogene Auffrischung an: Wenn ich gleich vorweg eines empfehlen darf, dann bitte ich Euch, keine komplizierten Redewendungen oder extrem verk\u00fcrzte Spezialit\u00e4ten-Phrasiologie zu verwenden; ihr redet nicht mit Chicago Control &hellip; <a href=\"https:\/\/www.alpenflugzentrum.de\/wordpress\/?page_id=497\" class=\"more-link\"><span class=\"screen-reader-text\">Kontrollierter Luftraum und Umgang mit ATC<\/span> weiterlesen <span class=\"meta-nav\">&rarr;<\/span><\/a><\/p>\n","protected":false},"author":7,"featured_media":0,"parent":419,"menu_order":0,"comment_status":"closed","ping_status":"closed","template":"","meta":{"footnotes":""},"class_list":["post-497","page","type-page","status-publish","hentry"],"_links":{"self":[{"href":"https:\/\/www.alpenflugzentrum.de\/wordpress\/index.php?rest_route=\/wp\/v2\/pages\/497","targetHints":{"allow":["GET"]}}],"collection":[{"href":"https:\/\/www.alpenflugzentrum.de\/wordpress\/index.php?rest_route=\/wp\/v2\/pages"}],"about":[{"href":"https:\/\/www.alpenflugzentrum.de\/wordpress\/index.php?rest_route=\/wp\/v2\/types\/page"}],"author":[{"embeddable":true,"href":"https:\/\/www.alpenflugzentrum.de\/wordpress\/index.php?rest_route=\/wp\/v2\/users\/7"}],"replies":[{"embeddable":true,"href":"https:\/\/www.alpenflugzentrum.de\/wordpress\/index.php?rest_route=%2Fwp%2Fv2%2Fcomments&post=497"}],"version-history":[{"count":5,"href":"https:\/\/www.alpenflugzentrum.de\/wordpress\/index.php?rest_route=\/wp\/v2\/pages\/497\/revisions"}],"predecessor-version":[{"id":505,"href":"https:\/\/www.alpenflugzentrum.de\/wordpress\/index.php?rest_route=\/wp\/v2\/pages\/497\/revisions\/505"}],"up":[{"embeddable":true,"href":"https:\/\/www.alpenflugzentrum.de\/wordpress\/index.php?rest_route=\/wp\/v2\/pages\/419"}],"wp:attachment":[{"href":"https:\/\/www.alpenflugzentrum.de\/wordpress\/index.php?rest_route=%2Fwp%2Fv2%2Fmedia&parent=497"}],"curies":[{"name":"wp","href":"https:\/\/api.w.org\/{rel}","templated":true}]}}