{"id":5435,"date":"2020-07-26T12:09:39","date_gmt":"2020-07-26T10:09:39","guid":{"rendered":"https:\/\/www.alpenflugzentrum.de\/wordpress\/?page_id=5435"},"modified":"2020-07-26T21:52:37","modified_gmt":"2020-07-26T19:52:37","slug":"oliver-dieterich","status":"publish","type":"page","link":"https:\/\/www.alpenflugzentrum.de\/wordpress\/?page_id=5435","title":{"rendered":"Oliver Dieterich"},"content":{"rendered":"<p><a href=\"https:\/\/www.alpenflugzentrum.de\/wordpress\/wp-content\/uploads\/2020\/07\/Olli.jpg\"><img loading=\"lazy\" decoding=\"async\" class=\"alignleft size-full wp-image-1022\" title=\"OlliD_L\" src=\"https:\/\/www.alpenflugzentrum.de\/wordpress\/wp-content\/uploads\/2020\/07\/OlliM.jpg\" alt=\"\" width=\"150\" height=\"150\" \/><\/a><\/p>\n<p style=\"margin-top: 111px;\">Bj. 1964, Wohnort: Steinebach<br \/>\nE-Mail:\u00a0<a href=\"mailto:oliver-dieterich@t-online.de\">oliver-dieterich@t-online.de<\/a><\/p>\n<table class=\"afz\">\n<tbody>\n<tr>\n<td><em>PPL C seit:<\/em><\/td>\n<td>1982<\/td>\n<\/tr>\n<tr>\n<td><em>Flugstunden:<\/em><\/td>\n<td>1700 h<\/td>\n<\/tr>\n<tr>\n<td><em>Gr\u00f6\u00dfte Strecke:<\/em><\/td>\n<td><a href=\"https:\/\/www.onlinecontest.org\/olc-3.0\/gliding\/flightinfo.html?dsId=6340096\" target=\"_blank\" rel=\"noopener noreferrer\">556 km<\/a><\/td>\n<\/tr>\n<tr>\n<td><em>OLC-Fl\u00fcge:<\/em><\/td>\n<td><a href=\"https:\/\/www.onlinecontest.org\/olc-3.0\/gliding\/flightbook.html?sp=2020&amp;st=olcp&amp;rt=olc&amp;pi=32853\" target=\"blank\" rel=\"noopener noreferrer\">2020<\/a><\/td>\n<td><a href=\"https:\/\/www.onlinecontest.org\/olc-3.0\/gliding\/flightbook.html?sp=2019&amp;st=olcp&amp;rt=olc&amp;pi=32853\" target=\"blank\" rel=\"noopener noreferrer\">2019<\/a><\/td>\n<td><a href=\"https:\/\/www.onlinecontest.org\/olc-3.0\/gliding\/flightbook.html?sp=2018&amp;st=olcp&amp;rt=olc&amp;pi=32853\" target=\"blank\" rel=\"noopener noreferrer\">2018<\/a><\/td>\n<td><a href=\"https:\/\/www.onlinecontest.org\/olc-3.0\/gliding\/flightbook.html?sp=2017&amp;st=olcp&amp;rt=olc&amp;pi=32853\" target=\"blank\" rel=\"noopener noreferrer\">2017<\/a><\/td>\n<td><a href=\"https:\/\/www.onlinecontest.org\/olc-3.0\/gliding\/flightbook.html?sp=2016&amp;st=olcp&amp;rt=olc&amp;pi=32853\" target=\"blank\" rel=\"noopener noreferrer\">2016<\/a><\/td>\n<td><a href=\"https:\/\/www.onlinecontest.org\/olc-3.0\/gliding\/flightbook.html?sp=2015&amp;st=olcp&amp;rt=olc&amp;pi=32853\" target=\"blank\" rel=\"noopener noreferrer\">2015<\/a><\/td>\n<\/tr>\n<tr>\n<td><\/td>\n<td><\/td>\n<td><a href=\"https:\/\/www.onlinecontest.org\/olc-3.0\/gliding\/flightbook.html?sp=2014&amp;st=olcp&amp;rt=olc&amp;pi=32853\" target=\"blank\" rel=\"noopener noreferrer\">2014<\/a><\/td>\n<td><a href=\"https:\/\/www.onlinecontest.org\/olc-3.0\/gliding\/flightbook.html?sp=2013&amp;st=olcp&amp;rt=olc&amp;pi=32853\" target=\"blank\" rel=\"noopener noreferrer\">2013<\/a><\/td>\n<td><a href=\"https:\/\/www.onlinecontest.org\/olc-3.0\/gliding\/flightbook.html?sp=2012&amp;st=olcp&amp;rt=olc&amp;pi=32853\" target=\"blank\" rel=\"noopener noreferrer\">2012<\/a><\/td>\n<td><a href=\"https:\/\/www.onlinecontest.org\/olc-3.0\/gliding\/flightbook.html?sp=2011&amp;st=olcp&amp;rt=olc&amp;pi=32853\" target=\"blank\" rel=\"noopener noreferrer\">2011<\/a><\/td>\n<td><a href=\"https:\/\/www.onlinecontest.org\/olc-3.0\/gliding\/flightbook.html?sp=2010&amp;st=olcp&amp;rt=olc&amp;pi=32853\" target=\"blank\" rel=\"noopener noreferrer\">2010<\/a><\/td>\n<\/tr>\n<tr>\n<td><\/td>\n<\/tr>\n<tr>\n<td><em>Flugzeug(e):<\/em><\/td>\n<\/tr>\n<tr>\n<td>\n<div><a href=\"wp-content\/uploads\/2020\/07\/LS2-mit-Olli_DxO.jpg\" target=\"_blank\" rel=\"noopener noreferrer\">LS 2 (7Z)<\/a><\/div>\n<\/td>\n<td>D-2971<\/td>\n<\/tr>\n<tr>\n<td><a href=\"https:\/\/maps.findmespot.com\/s\/DNPK\/8N\" target=\"_blank\" rel=\"noopener noreferrer\">SPOT-Link<\/a><\/td>\n<\/tr>\n<\/tbody>\n<\/table>\n<dl>\n<dt>Fliegerische Vorlieben, St\u00e4rken, Schw\u00e4chen<\/dt>\n<dd>Segelfliegen habe ich schon sehr fr\u00fch begonnen, da ich fliegerisch erblich vorbelastet bin \u2013 quasi in dritter Generation, so dass ich schon als Kind immer auf den Flugplatz mitgenommen wurde. Leider hat es dann zu einer professionellen Laufbahn als Pilot nicht gereicht, da bei mir das Fliegen oft mit einer Form der Motion Sickness (sprich Unwohlsein) verbunden war (und leider manchmal auch noch ist). Das Segelfliegen habe ich in der Baar zwischen Schwarzwald und Schw\u00e4bischer Alb erlernt und schon damals gab es bereits einen Trend zu ungew\u00f6hnlichem Flugger\u00e4t (M\u00fc13D anstatt der \u00fcblichen Sch\u00fclerlaufbahn mit Ka8, Zugvogel Ib mit 17m Laminarfl\u00fcgel und Baujahr 55), der mich bis heute mit der LS2 begleitet. Allerdings hat die Flachlandfliegerei mit der Zeit ihren Reiz verloren, auch wenn beispielsweise der Schwarzwald durchaus ein paar sch\u00f6ne Ecken hat.<\/p>\n<p>Seit 1997 habe ich aufgrund eines beruflich bedingten Umzugs meinen fliegerischen Schwerpunkt nach Unterw\u00f6ssen verlegt. Das Fliegen in \u201erichtigen\u201c Bergen hat mich sofort in seinen Bann gezogen und dem Interesse am Segelfliegen neuen Schub verliehen. Es ist schon faszinierend f\u00fcr mich, morgens noch in Unterw\u00f6ssen am Start zu stehen und dann mittags dem Fels in 3000 m H\u00f6he quasi \u201eins Auge zu sehen\u201c und auch im Hochsommer noch \u00fcber verschneite Flecken zu gleiten. Dabei habe ich den Respekt vor den Naturgewalten in den Bergen nie verloren, da hier alles extremer als im Flachland zu sein scheint, auch und vor allem mit ausgepr\u00e4gten Lees. Seit 2000 hat dann meine bessere H\u00e4lfte Anschi auch mit der Segelfliegerei in Unterw\u00f6ssen begonnen, so dass wir heute auch unsere fliegerischen Abenteuer miteinander teilen.<\/dd>\n<dt>Sch\u00f6nster Flug:<\/dt>\n<dd>Vielleicht nicht der sch\u00f6nste, aber sicher der eindrucksvollste Flug war der erste Alleinflug am Abend eines sonnigen Julitages 1978 mit einem Bergfalke II. Andererseits sind die Fl\u00fcge in den Bergen f\u00fcr mich immer sehr naturintensiv und sehr sch\u00f6n, so dass es schwierig ist, da einen Flug besonders hervorzuheben.<\/dd>\n<dt>N\u00e4chstes Vorhaben\/Ziel:<\/dt>\n<dd>Mit Anschi hatte ich in den letzten Jahren geplant, im Sommerurlaub mal nach Nieder\u00f6blarn zu fliegen, dort zu landen und am n\u00e4chsten Tag dann zur\u00fcck. Leider war uns der Wettergott bisher nicht hold\u2026<\/dd>\n<\/dl>\n","protected":false},"excerpt":{"rendered":"<p>Bj. 1964, Wohnort: Steinebach E-Mail:\u00a0oliver-dieterich@t-online.de PPL C seit: 1982 Flugstunden: 1700 h Gr\u00f6\u00dfte Strecke: 556 km OLC-Fl\u00fcge: 2020 2019 2018 2017 2016 2015 2014 2013 2012 2011 2010 Flugzeug(e): LS 2 (7Z) D-2971 SPOT-Link Fliegerische Vorlieben, St\u00e4rken, Schw\u00e4chen Segelfliegen habe ich schon sehr fr\u00fch begonnen, da ich fliegerisch erblich vorbelastet bin \u2013 quasi in dritter &hellip; <a href=\"https:\/\/www.alpenflugzentrum.de\/wordpress\/?page_id=5435\" class=\"more-link\"><span class=\"screen-reader-text\">Oliver Dieterich<\/span> weiterlesen <span class=\"meta-nav\">&rarr;<\/span><\/a><\/p>\n","protected":false},"author":5,"featured_media":0,"parent":0,"menu_order":0,"comment_status":"closed","ping_status":"closed","template":"","meta":{"footnotes":""},"class_list":["post-5435","page","type-page","status-publish","hentry"],"_links":{"self":[{"href":"https:\/\/www.alpenflugzentrum.de\/wordpress\/index.php?rest_route=\/wp\/v2\/pages\/5435","targetHints":{"allow":["GET"]}}],"collection":[{"href":"https:\/\/www.alpenflugzentrum.de\/wordpress\/index.php?rest_route=\/wp\/v2\/pages"}],"about":[{"href":"https:\/\/www.alpenflugzentrum.de\/wordpress\/index.php?rest_route=\/wp\/v2\/types\/page"}],"author":[{"embeddable":true,"href":"https:\/\/www.alpenflugzentrum.de\/wordpress\/index.php?rest_route=\/wp\/v2\/users\/5"}],"replies":[{"embeddable":true,"href":"https:\/\/www.alpenflugzentrum.de\/wordpress\/index.php?rest_route=%2Fwp%2Fv2%2Fcomments&post=5435"}],"version-history":[{"count":26,"href":"https:\/\/www.alpenflugzentrum.de\/wordpress\/index.php?rest_route=\/wp\/v2\/pages\/5435\/revisions"}],"predecessor-version":[{"id":5470,"href":"https:\/\/www.alpenflugzentrum.de\/wordpress\/index.php?rest_route=\/wp\/v2\/pages\/5435\/revisions\/5470"}],"wp:attachment":[{"href":"https:\/\/www.alpenflugzentrum.de\/wordpress\/index.php?rest_route=%2Fwp%2Fv2%2Fmedia&parent=5435"}],"curies":[{"name":"wp","href":"https:\/\/api.w.org\/{rel}","templated":true}]}}