{"id":696,"date":"2011-12-19T18:58:06","date_gmt":"2011-12-19T17:58:06","guid":{"rendered":"http:\/\/ww2.alpenflugzentrum.de\/wordpress\/?page_id=696"},"modified":"2014-12-31T14:58:18","modified_gmt":"2014-12-31T13:58:18","slug":"markus-muller","status":"publish","type":"page","link":"https:\/\/www.alpenflugzentrum.de\/wordpress\/?page_id=696","title":{"rendered":"Markus M\u00fcller"},"content":{"rendered":"<p><a href=\"wp-content\/uploads\/2011\/12\/markusm.png\"><img loading=\"lazy\" decoding=\"async\" class=\"alignleft size-full wp-image-695\" title=\"Markus M\u00fcller L\" src=\"wp-content\/uploads\/2011\/12\/markusm.png\" alt=\"\" width=\"150\" height=\"150\" \/><\/a><\/p>\n<p style=\"margin-top: 115px;\">Geb. 1949, Wohnort: Vagen<br \/>\nE-Mail: markus-mueller49 [at] web [dot] de<\/p>\n<table class=\"afz\">\n<tbody>\n<tr>\n<td><em>PPL C seit:<\/em><\/td>\n<td>1990<\/td>\n<\/tr>\n<tr>\n<td><em>Flugstunden:<\/em><\/td>\n<td>1400 h<\/td>\n<\/tr>\n<tr>\n<td><em>Gr\u00f6\u00dfte Strecke:<\/em><\/td>\n<td>&gt; 700 km<\/td>\n<\/tr>\n<tr>\n<td><em>OLC-Fl\u00fcge:<\/em><\/td>\n<td><a href=\"https:\/\/www.onlinecontest.org\/olc-2.0\/gliding\/getScoring.html?scoringId=200&amp;pilotId=18784&amp;scoringPeriod=2015\" target=\"blank\">2015<\/a><\/td>\n<td><a href=\"https:\/\/www.onlinecontest.org\/olc-2.0\/gliding\/getScoring.html?scoringId=200&amp;pilotId=18784&amp;scoringPeriod=2014\" target=\"blank\">2014<\/a><\/td>\n<td><a href=\"https:\/\/www.onlinecontest.org\/olc-2.0\/gliding\/getScoring.html?scoringId=200&amp;pilotId=18784&amp;scoringPeriod=2013\" target=\"blank\">2013<\/a><\/td>\n<td><a href=\"https:\/\/www.onlinecontest.org\/olc-2.0\/gliding\/getScoring.html?scoringId=200&amp;pilotId=18784&amp;scoringPeriod=2012\" target=\"blank\">2012<\/a><\/td>\n<td><a href=\"https:\/\/www.onlinecontest.org\/olc-2.0\/gliding\/getScoring.html?scoringId=200&amp;pilotId=18784&amp;scoringPeriod=2011\" target=\"blank\">2011<\/a><\/td>\n<td><a href=\"https:\/\/www.onlinecontest.org\/olc-2.0\/gliding\/getScoring.html?scoringId=200&amp;pilotId=18784&amp;scoringPeriod=2010\" target=\"blank\">2010<\/a><\/td>\n<\/tr>\n<tr>\n<td><\/td>\n<td><a href=\"https:\/\/www.onlinecontest.org\/olc-2.0\/gliding\/getScoring.html?scoringId=200&amp;pilotId=18784&amp;scoringPeriod=2009\" target=\"blank\">2009<\/a><\/td>\n<td><a href=\"https:\/\/www.onlinecontest.org\/olc-2.0\/gliding\/getScoring.html?scoringId=200&amp;pilotId=18784&amp;scoringPeriod=2008\" target=\"blank\">2008<\/a><\/td>\n<td><a href=\"https:\/\/www.onlinecontest.org\/olc-2.0\/gliding\/getScoring.html?scoringId=200&amp;pilotId=18784&amp;scoringPeriod=2007\" target=\"blank\">2007<\/a><\/td>\n<td><a href=\"https:\/\/www.onlinecontest.org\/olcphp\/2006\/ausw_wertung.php?olc=olc-i&amp;spr=de&amp;ein_name=26147\" target=\"blank\">2006<\/a><\/td>\n<td><a href=\"https:\/\/www.onlinecontest.org\/olcphp\/2005\/ausw_wertung.php?olc=olc-i&amp;spr=de&amp;ein_name=18784\" target=\"blank\">2005<\/a><\/td>\n<\/tr>\n<tr>\n<td><\/td>\n<\/tr>\n<tr>\n<td><em>Flugzeug(e):<\/em><\/td>\n<\/tr>\n<tr>\n<td>LS 8\/18m (FU)<\/td>\n<td>D-0032<\/td>\n<\/tr>\n<tr>\n<td>Nimbus 2c (Rote Hex&#8216;) &dagger;<\/td>\n<td>D-8746<\/td>\n<\/tr>\n<\/tbody>\n<\/table>\n<dl>\n<dt>Fliegerische Vorlieben, St\u00e4rken, Schw\u00e4chen<\/dt>\n<dd>\u2026sind wohl gleichm\u00e4\u00dfig verteilt. Ich kann mich geduldig und gezielt aus schlechten Lagen befreien, hab aber schon viele Strecken durch Ungeduld und Hast verpfuscht.<\/p>\n<\/dd>\n<dt>Sch\u00f6nster Flug:<\/dt>\n<dd>Da kann ich keinen Einzelnen nennen, aber eines f\u00e4llt mir dazu ein: Wenn man so einen richtigen Schei\u00dftag hatte, vielleicht einen, wo der Acker schon ein paarmal gewinkt hat und nichts so gelaufen ist wie geplant, und man schafft es dann doch am Klobenstein ums Eck rum zu kommen und der Blick auf die heimatliche Bahn zeigt, da\u00df es jetzt doch noch wenigstens f\u00fcr eine Direktanflug reicht, dann war der Flug wieder einmal der sch\u00f6nste in meinem ganzen Fliegerleben.<\/p>\n<\/dd>\n<dt>N\u00e4chstes Vorhaben\/Ziel:<\/dt>\n<dd>Wie jeder, der 750 km Alpenstrecken schafft, tr\u00e4um&#8216; auch ich von einem Tausender. Au\u00dferdem versuch ich mich immer wieder an einem einfachen Zielflug Uw\u00f6 \u2013 Serres. Heuer sollte ich so weit sein.<\/p>\n<\/dd>\n<\/dl>\n","protected":false},"excerpt":{"rendered":"<p>Geb. 1949, Wohnort: Vagen E-Mail: markus-mueller49 [at] web [dot] de PPL C seit: 1990 Flugstunden: 1400 h Gr\u00f6\u00dfte Strecke: &gt; 700 km OLC-Fl\u00fcge: 2015 2014 2013 2012 2011 2010 2009 2008 2007 2006 2005 Flugzeug(e): LS 8\/18m (FU) D-0032 Nimbus 2c (Rote Hex&#8216;) &dagger; D-8746 Fliegerische Vorlieben, St\u00e4rken, Schw\u00e4chen \u2026sind wohl gleichm\u00e4\u00dfig verteilt. Ich kann &hellip; <a href=\"https:\/\/www.alpenflugzentrum.de\/wordpress\/?page_id=696\" class=\"more-link\"><span class=\"screen-reader-text\">Markus M\u00fcller<\/span> weiterlesen <span class=\"meta-nav\">&rarr;<\/span><\/a><\/p>\n","protected":false},"author":5,"featured_media":695,"parent":0,"menu_order":0,"comment_status":"closed","ping_status":"closed","template":"","meta":{"footnotes":""},"class_list":["post-696","page","type-page","status-publish","has-post-thumbnail","hentry"],"_links":{"self":[{"href":"https:\/\/www.alpenflugzentrum.de\/wordpress\/index.php?rest_route=\/wp\/v2\/pages\/696","targetHints":{"allow":["GET"]}}],"collection":[{"href":"https:\/\/www.alpenflugzentrum.de\/wordpress\/index.php?rest_route=\/wp\/v2\/pages"}],"about":[{"href":"https:\/\/www.alpenflugzentrum.de\/wordpress\/index.php?rest_route=\/wp\/v2\/types\/page"}],"author":[{"embeddable":true,"href":"https:\/\/www.alpenflugzentrum.de\/wordpress\/index.php?rest_route=\/wp\/v2\/users\/5"}],"replies":[{"embeddable":true,"href":"https:\/\/www.alpenflugzentrum.de\/wordpress\/index.php?rest_route=%2Fwp%2Fv2%2Fcomments&post=696"}],"version-history":[{"count":17,"href":"https:\/\/www.alpenflugzentrum.de\/wordpress\/index.php?rest_route=\/wp\/v2\/pages\/696\/revisions"}],"predecessor-version":[{"id":2807,"href":"https:\/\/www.alpenflugzentrum.de\/wordpress\/index.php?rest_route=\/wp\/v2\/pages\/696\/revisions\/2807"}],"wp:featuredmedia":[{"embeddable":true,"href":"https:\/\/www.alpenflugzentrum.de\/wordpress\/index.php?rest_route=\/wp\/v2\/media\/695"}],"wp:attachment":[{"href":"https:\/\/www.alpenflugzentrum.de\/wordpress\/index.php?rest_route=%2Fwp%2Fv2%2Fmedia&parent=696"}],"curies":[{"name":"wp","href":"https:\/\/api.w.org\/{rel}","templated":true}]}}