{"id":735,"date":"2011-12-20T21:45:37","date_gmt":"2011-12-20T20:45:37","guid":{"rendered":"http:\/\/ww2.alpenflugzentrum.de\/wordpress\/?page_id=735"},"modified":"2014-12-31T14:38:29","modified_gmt":"2014-12-31T13:38:29","slug":"martin-muller","status":"publish","type":"page","link":"https:\/\/www.alpenflugzentrum.de\/wordpress\/?page_id=735","title":{"rendered":"Martin M\u00fcller"},"content":{"rendered":"<p><a href=\"wp-content\/uploads\/2011\/12\/martinm.png\"><img loading=\"lazy\" decoding=\"async\" class=\"alignleft size-full wp-image-734\" title=\"Martin M\u00fcller L\" src=\"wp-content\/uploads\/2011\/12\/martinm.png\" alt=\"\" width=\"150\" height=\"150\" \/><\/a><\/p>\n<p style=\"margin-top: 112px;\">Geb. 1970, Wohnort: Traunstein<br \/>\nE-Mail: mueller-a-m [at] t-online [dot] de<\/p>\n<table class=\"afz\">\n<tbody>\n<tr>\n<td><em>PPL C seit:<\/em><\/td>\n<td>1988<\/td>\n<\/tr>\n<tr>\n<td><em>Flugstunden:<\/em><\/td>\n<td>1800 h<\/td>\n<\/tr>\n<tr>\n<td><em>Gr\u00f6\u00dfte Strecke:<\/em><\/td>\n<td><a href=\"https:\/\/www.onlinecontest.org\/olc-2.0\/gliding\/flightinfo.html?flightId=-564663893\" target=\"_blank\">802 km<\/a><\/td>\n<\/tr>\n<tr>\n<td><em>OLC-Fl\u00fcge:<\/em><\/td>\n<td><a href=\"https:\/\/www.onlinecontest.org\/olc-2.0\/gliding\/getScoring.html?scoringId=200&amp;pilotId=6424&amp;scoringPeriod=2015\" target=\"blank\">2015<\/a><\/td>\n<td><a href=\"https:\/\/www.onlinecontest.org\/olc-2.0\/gliding\/getScoring.html?scoringId=200&amp;pilotId=6424&amp;scoringPeriod=2014\" target=\"blank\">2014<\/a><\/td>\n<td><a href=\"https:\/\/www.onlinecontest.org\/olc-2.0\/gliding\/getScoring.html?scoringId=200&amp;pilotId=6424&amp;scoringPeriod=2013\" target=\"blank\">2013<\/a><\/td>\n<td><a href=\"https:\/\/www.onlinecontest.org\/olc-2.0\/gliding\/getScoring.html?scoringId=200&amp;pilotId=6424&amp;scoringPeriod=2012\" target=\"blank\">2012<\/a><\/td>\n<td><a href=\"https:\/\/www.onlinecontest.org\/olc-2.0\/gliding\/getScoring.html?scoringId=200&amp;pilotId=6424&amp;scoringPeriod=2011\" target=\"blank\">2011<\/a><\/td>\n<td><a href=\"https:\/\/www.onlinecontest.org\/olc-2.0\/gliding\/getScoring.html?scoringId=200&amp;pilotId=6424&amp;scoringPeriod=2010\" target=\"blank\">2010<\/a><\/td>\n<\/tr>\n<tr>\n<td><\/td>\n<td><a href=\"https:\/\/www.onlinecontest.org\/olc-2.0\/gliding\/getScoring.html?scoringId=200&amp;pilotId=6424&amp;scoringPeriod=2009\" target=\"blank\">2009<\/a><\/td>\n<td><a href=\"https:\/\/www.onlinecontest.org\/olc-2.0\/gliding\/getScoring.html?scoringId=200&amp;pilotId=6424&amp;scoringPeriod=2008\" target=\"blank\">2008<\/a><\/td>\n<td><a href=\"https:\/\/www.onlinecontest.org\/olc-2.0\/gliding\/getScoring.html?scoringId=200&amp;pilotId=6424&amp;scoringPeriod=2007\" target=\"blank\">2007<\/a><\/td>\n<td><a href=\"https:\/\/www.onlinecontest.org\/olcphp\/2006\/ausw_wertung.php?olc=olc-i&amp;spr=de&amp;ein_name=6424\" target=\"blank\">2006<\/a><\/td>\n<td><a href=\"https:\/\/www.onlinecontest.org\/olcphp\/2005\/ausw_wertung.php?olc=olc-i&amp;spr=de&amp;ein_name=6424\" target=\"blank\">2005<\/a><\/td>\n<td><a href=\"https:\/\/www.onlinecontest.org\/olcphp\/2004\/ausw_wertung.php?olc=olc-i&amp;spr=de&amp;ein_name=6424\" target=\"blank\">2004<\/a><\/td>\n<td><a href=\"https:\/\/www.onlinecontest.org\/olcphp\/2003\/ausw_wertung.php?olc=olc-i&amp;spr=de&amp;ein_name=6424\" target=\"blank\">2003<\/a><\/td>\n<\/tr>\n<tr>\n<td><\/td>\n<\/tr>\n<tr>\n<td><em>Flugzeug(e):<\/em><\/td>\n<\/tr>\n<tr>\n<td>SB-5 E<\/td>\n<td>D-1795<\/td>\n<\/tr>\n<\/tbody>\n<\/table>\n<dl>\n<dt>Fliegerische Vorlieben, St\u00e4rken, Schw\u00e4chen<\/dt>\n<dd>Meine Leidenschaft ist nat\u00fcrlich das Bergfliegen. \u00dcber den Bergen zu fliegen bedeutet f\u00fcr mich Freiheit und die perfekte Harmonie von Technik und Natur. Ich fliege am liebsten wenn ich ausgeruht bin und den Kopf frei habe.<\/p>\n<p>St\u00e4rken: Eine St\u00e4rke von mir ist eine gute Beobachtungsgabe und Kampfgeist (auf&#8217;s Fliegen bezogen).<\/p>\n<p>Schw\u00e4chen: Schw\u00e4chen von mir sind auf Strecke \u00f6fter mal einen Absaufer zu haben und am Nachmittag zu fr\u00fch umzukehren um sicher nach Hause zu kommen. Eine weitere Schw\u00e4che von mir ist lieber bekanntes Gebiet zu befliegen als neues Terrain zu erkunden.<\/p>\n<\/dd>\n<dt>Sch\u00f6nster Flug:<\/dt>\n<dd>Sch\u00f6ne Fl\u00fcge habe ich eigentlich schon viele gehabt, aber an\u00a0<a href=\"http:\/\/www.alpenflugzentrum.de\/Flugberichte\/Bericht003\/text.html\">meine ersten 600km<\/a> erinnere ich mich noch ganz besonders. Es war ein schwieriger Flug zum Dobratsch und anschlie\u00dfend nach St.Anton, wo ich fast au\u00dfengelandet w\u00e4re. Nach hartem Kampf habe ich es aber doch noch nach Unterw\u00f6ssen geschafft.<\/p>\n<\/dd>\n<dt>N\u00e4chstes Vorhaben\/Ziel:<\/dt>\n<dd>Gerne w\u00fcrde ich einmal \u00fcber 700km mit der SB-5 fliegen, und bei F\u00f6hn auf Strecke gehen. Mein \u201eTraum\u201c-Ziel ist einmal wie Wolfgang von Unterw\u00f6ssen aus zum Matterhorn und wieder zur\u00fcck zu fliegen.<\/p>\n<\/dd>\n<\/dl>\n","protected":false},"excerpt":{"rendered":"<p>Geb. 1970, Wohnort: Traunstein E-Mail: mueller-a-m [at] t-online [dot] de PPL C seit: 1988 Flugstunden: 1800 h Gr\u00f6\u00dfte Strecke: 802 km OLC-Fl\u00fcge: 2015 2014 2013 2012 2011 2010 2009 2008 2007 2006 2005 2004 2003 Flugzeug(e): SB-5 E D-1795 Fliegerische Vorlieben, St\u00e4rken, Schw\u00e4chen Meine Leidenschaft ist nat\u00fcrlich das Bergfliegen. \u00dcber den Bergen zu fliegen bedeutet &hellip; <a href=\"https:\/\/www.alpenflugzentrum.de\/wordpress\/?page_id=735\" class=\"more-link\"><span class=\"screen-reader-text\">Martin M\u00fcller<\/span> weiterlesen <span class=\"meta-nav\">&rarr;<\/span><\/a><\/p>\n","protected":false},"author":5,"featured_media":734,"parent":0,"menu_order":0,"comment_status":"closed","ping_status":"closed","template":"","meta":{"footnotes":""},"class_list":["post-735","page","type-page","status-publish","has-post-thumbnail","hentry"],"_links":{"self":[{"href":"https:\/\/www.alpenflugzentrum.de\/wordpress\/index.php?rest_route=\/wp\/v2\/pages\/735","targetHints":{"allow":["GET"]}}],"collection":[{"href":"https:\/\/www.alpenflugzentrum.de\/wordpress\/index.php?rest_route=\/wp\/v2\/pages"}],"about":[{"href":"https:\/\/www.alpenflugzentrum.de\/wordpress\/index.php?rest_route=\/wp\/v2\/types\/page"}],"author":[{"embeddable":true,"href":"https:\/\/www.alpenflugzentrum.de\/wordpress\/index.php?rest_route=\/wp\/v2\/users\/5"}],"replies":[{"embeddable":true,"href":"https:\/\/www.alpenflugzentrum.de\/wordpress\/index.php?rest_route=%2Fwp%2Fv2%2Fcomments&post=735"}],"version-history":[{"count":9,"href":"https:\/\/www.alpenflugzentrum.de\/wordpress\/index.php?rest_route=\/wp\/v2\/pages\/735\/revisions"}],"predecessor-version":[{"id":2797,"href":"https:\/\/www.alpenflugzentrum.de\/wordpress\/index.php?rest_route=\/wp\/v2\/pages\/735\/revisions\/2797"}],"wp:featuredmedia":[{"embeddable":true,"href":"https:\/\/www.alpenflugzentrum.de\/wordpress\/index.php?rest_route=\/wp\/v2\/media\/734"}],"wp:attachment":[{"href":"https:\/\/www.alpenflugzentrum.de\/wordpress\/index.php?rest_route=%2Fwp%2Fv2%2Fmedia&parent=735"}],"curies":[{"name":"wp","href":"https:\/\/api.w.org\/{rel}","templated":true}]}}