{"id":748,"date":"2011-12-23T17:01:38","date_gmt":"2011-12-23T16:01:38","guid":{"rendered":"http:\/\/ww2.alpenflugzentrum.de\/wordpress\/?page_id=748"},"modified":"2014-12-31T14:54:07","modified_gmt":"2014-12-31T13:54:07","slug":"mathias-munch","status":"publish","type":"page","link":"https:\/\/www.alpenflugzentrum.de\/wordpress\/?page_id=748","title":{"rendered":"Mathias M\u00fcnch"},"content":{"rendered":"<p><a href=\"https:\/\/www.alpenflugzentrum.de\/wordpress\/wp-content\/uploads\/2011\/12\/mathias_m.png\"><img loading=\"lazy\" decoding=\"async\" class=\"alignleft size-full wp-image-747\" title=\"Mathias M\u00fcnch L\" src=\"https:\/\/www.alpenflugzentrum.de\/wordpress\/wp-content\/uploads\/2011\/12\/mathias_m.png\" alt=\"\" width=\"150\" height=\"150\" \/><\/a><\/p>\n<p style=\"margin-top: 115px;\">Geb. 1967, Wohnort: M\u00fcnchen<br \/>\nE-Mail:\u00a0<a href=\"mailto:alpenflugzentrum@mathias-muench.de\">Alpenflugzentrum@mathias-muench.de<\/a><\/p>\n<table class=\"afz\">\n<tbody>\n<tr>\n<td><em>PPL C seit:<\/em><\/td>\n<td>1997<\/td>\n<\/tr>\n<tr>\n<td><em>Flugstunden:<\/em><\/td>\n<td>1.000 h<\/td>\n<\/tr>\n<tr>\n<td><em>Gr\u00f6\u00dfte Strecke:<\/em><\/td>\n<td><a href=\"https:\/\/www.onlinecontest.org\/olc-2.0\/gliding\/flightinfo.html?flightId=-9836353\" target=\"_blank\">1003 km<\/a><\/td>\n<\/tr>\n<tr>\n<td><\/td>\n<td><a href=\"https:\/\/www.onlinecontest.org\/olcphp\/2004\/ausw_fluginfo.php?ref3=128208&amp;ueb=N&amp;olc=olc-i&amp;spr=de\" target=\"_blank\">735 km (FAI)<\/a><\/td>\n<\/tr>\n<tr>\n<td><em>OLC-Fl\u00fcge:<\/em><\/td>\n<td><a href=\"https:\/\/www.onlinecontest.org\/olc-2.0\/gliding\/getScoring.html?scoringId=200&amp;pilotId=1000&amp;scoringPeriod=2015\" target=\"blank\">2015<\/a><\/td>\n<td><a href=\"https:\/\/www.onlinecontest.org\/olc-2.0\/gliding\/getScoring.html?scoringId=200&amp;pilotId=1000&amp;scoringPeriod=2014\" target=\"blank\">2014<\/a><\/td>\n<td><a href=\"https:\/\/www.onlinecontest.org\/olc-2.0\/gliding\/getScoring.html?scoringId=200&amp;pilotId=1000&amp;scoringPeriod=2013\" target=\"blank\">2013<\/a><\/td>\n<td><a href=\"https:\/\/www.onlinecontest.org\/olc-2.0\/gliding\/getScoring.html?scoringId=200&amp;pilotId=1000&amp;scoringPeriod=2012\" target=\"blank\">2012<\/a><\/td>\n<td><a href=\"https:\/\/www.onlinecontest.org\/olc-2.0\/gliding\/getScoring.html?scoringId=200&amp;pilotId=1000&amp;scoringPeriod=2011\" target=\"blank\">2011<\/a><\/td>\n<td><a href=\"https:\/\/www.onlinecontest.org\/olc-2.0\/gliding\/getScoring.html?scoringId=200&amp;pilotId=1000&amp;scoringPeriod=2010\" target=\"blank\">2010<\/a><\/td>\n<\/tr>\n<tr>\n<td><\/td>\n<td><a href=\"https:\/\/www.onlinecontest.org\/olc-2.0\/gliding\/getScoring.html?scoringId=200&amp;pilotId=1000&amp;scoringPeriod=2009\" target=\"blank\">2009<\/a><\/td>\n<td><a href=\"https:\/\/www.onlinecontest.org\/olc-2.0\/gliding\/getScoring.html?scoringId=200&amp;pilotId=1000&amp;scoringPeriod=2008\" target=\"blank\">2008<\/a><\/td>\n<td><a href=\"https:\/\/www.onlinecontest.org\/olc-2.0\/gliding\/getScoring.html?scoringId=200&amp;pilotId=1000&amp;scoringPeriod=2007\" target=\"blank\">2007<\/a><\/td>\n<td><a href=\"https:\/\/www.onlinecontest.org\/olcphp\/2006\/ausw_wertung.php?olc=olc-i&amp;spr=de&amp;ein_name=1000\" target=\"blank\">2006<\/a><\/td>\n<td><a href=\"https:\/\/www.onlinecontest.org\/olcphp\/2005\/ausw_wertung.php?olc=olc-i&amp;spr=de&amp;ein_name=1000\" target=\"blank\">2005<\/a><\/td>\n<td><a href=\"https:\/\/www.onlinecontest.org\/olcphp\/2004\/ausw_wertung.php?olc=olc-i&amp;spr=de&amp;ein_name=1000\" target=\"blank\">2004<\/a><\/td>\n<td><a href=\"https:\/\/www.onlinecontest.org\/olcphp\/2003\/ausw_wertung.php?olc=olc-i&amp;spr=de&amp;ein_name=1000\" target=\"blank\">2003<\/a><\/td>\n<\/tr>\n<tr>\n<td><\/td>\n<\/tr>\n<tr>\n<td><em>Flugzeug(e):<\/em><\/td>\n<\/tr>\n<tr>\n<td>DG 800B\/18m (MU)<\/td>\n<td>D-KHJM<\/td>\n<\/tr>\n<tr>\n<td>Kestrel H-401 (HG) &dagger;<\/td>\n<td>D-2197<\/td>\n<\/tr>\n<tr>\n<td>Astir G-102 (-)<\/td>\n<td>D-3778<\/td>\n<\/tr>\n<tr>\n<td><a href=\"http:\/\/share.findmespot.com\/shared\/faces\/viewspots.jsp?glId=08AxSyq0bjHcGaIHApMOacUStV8Hm6E2E\" target=\"_blank\">SPOT-Link<\/a><\/td>\n<\/tr>\n<\/tbody>\n<\/table>\n<p>Nat\u00fcrlich mein hei\u00df geliebter 17m-Kestrel, vermutlich\u00a0<strong>der<\/strong>\u00a0Klassiker f\u00fcr den Alpensegelflug und bis heute das sch\u00f6nste, wohlproportionierteste und eleganteste Flugzeug, das ich kenne. Aber eben auch eine Diva. Ein Kestrel will geflogen werden. Zum zweiten unser FSGU-Club-Astir. Damit habe ich 1999 meinen ersten 500er geflogen und 500km waren bis jetzt jedes Jahr mal drin. Der Reiz ist leicht erkl\u00e4rt: Reinsetzen, Starten, Losfliegen, Spa\u00df haben. Ein Flugzeug, \u00fcber das man nicht nachdenken muss. Das kann auf Strecke ein unsch\u00e4tzbarer Vorteil sein.<\/p>\n<dl>\n<dt>Fliegerische Vorlieben, St\u00e4rken, Schw\u00e4chen<\/dt>\n<dd>Hm, vielleicht eher, was ich am Fliegen liebe. Es ist das &#8222;Alleinsein&#8220; in seiner positiven Form. Wir leben in einer Welt, in der wir immer und st\u00e4ndig mit anderen Menschen kommunizieren, R\u00fccksicht nehmen, auf uns R\u00fccksicht genommen wird. Alles ist Verhandlungssache geworden, f\u00fcr ein Problem wird nicht die &#8222;richtige&#8220; L\u00f6sung gew\u00e4hlt, sondern die, auf die sich alle einigen k\u00f6nnen. Sogar unser Umgang mit der Natur ist &#8222;Verhandlungssache&#8220;: Wenn es kalt ist, drehen wir die Heizung auf, wenn es warm ist, schalten wir die Klimaanlage ein. Wenn es regnet, werden wir nicht nass, sondern &#8222;nehmen den Wagen&#8220;.<\/p>\n<p>Beim Segelfliegen geht das nicht. Die Natur l\u00e4sst da nicht mit sich verhandeln. Ob meine L\u00f6sung richtig oder falsch war, sagt mir der H\u00f6henmesser, da kann ich so lange diskutieren, wie ich will. Wenn es falsch war, dann war es\u00a0<strong>mein<\/strong>\u00a0Fehler, und wenn es richtig war, dann habe\u00a0<strong>ich<\/strong>\u00a0es richtig gemacht. Ich bin niemandem Dank schuldig und ich kann es niemandem in die Schuhe schieben.<\/p>\n<blockquote><p>Du siehst Wellen und Wolken und Du siehst kein Land.<br \/>\nDa drau\u00dfen liegt Dein Los allein in Deiner Hand.<br \/>\nDu hast den Funk abgeschaltet, Du brauchst sie nicht mehr,<br \/>\ndie echten Heuchler, die falschen Klugen, die blinden Seher.<br \/>\nDu musst nicht mit ihnen um ihre goldnen K\u00e4lber tanzen,<br \/>\negal wie sie sich \u00fcber Dich das Maul zerfransen.<br \/>\nNiemand steht \u00fcber Dir, aber auch niemand steht Dir bei,<br \/>\ndas ist ein hoher Preis, doch daf\u00fcr bist Du frei.<br \/>\nDu bist niemands Herr und niemands Untertan&#8230;<br \/>\n&#8212; Reinhard Mey<\/p><\/blockquote>\n<p>St\u00e4rken: Eine sehr stark analytische, systematische Vorgehensweise. Lustigerweise liegen meine Hauptst\u00e4rken, glaube ich, vor dem Flug. Ich habe eine recht gl\u00fcckliche Hand, was die Wettereinsch\u00e4tzung und &#8222;strategische&#8220; Streckenwahl vor dem Start angeht. Anekdote nebenbei: Meine &#8222;publikumswirksamste&#8220; Aktion war wohl, als ich meinen Flieger von einem proppenvollen Startaufbau an einem angeblichen &#8222;Hammertag&#8220; von der ersten Startposition zu Fu\u00df wieder in die Halle geschoben habe. An dem Tag sind zwei oder drei obengeblieben, der Rest hat geklinkt und ist zum Platz abgeglitten.<\/p>\n<p>Schw\u00e4chen: Eine sehr stark analytische, systematische Vorgehensweise. Ich nutze viele Chancen nicht, sondern will der Natur beweisen, dass meine Einsch\u00e4tzung richtig war. Es ist immer wieder erschreckend, wie selten sie sich von meiner Meinung \u00fcberzeugen l\u00e4sst.<\/p>\n<p>Und ein bitteres Motivationsloch am Nachmittag, das mich die Fl\u00fcge immer wieder ein bis zwei Stunden zu fr\u00fch beenden l\u00e4sst. Entweder es l\u00e4uft gut, dann will ich den sch\u00f6nen Flug nicht mit einem K(r)ampf am Abend verderben. Oder es l\u00e4uft schlecht, dann sage ich &#8222;Das wird sowieso nichts mehr&#8220;. In beiden F\u00e4llen breche ich den Flug zu fr\u00fch ab.<\/p>\n<\/dd>\n<dt>Sch\u00f6nster Flug:<\/dt>\n<dd>Nat\u00fcrlich waren die 800km Fl\u00fcge beeindruckende, vielleicht auch &#8222;sch\u00f6ne&#8220; Fl\u00fcge, besonders der im S\u00fcden mit einem Schnitt von 136km\/h und Strecken von \u00fcber 400km ohne Kreis.<\/p>\n<p>Aber mein &#8222;sch\u00f6nster&#8220; Flug ist schon l\u00e4nger her, im Hochsommer 1998, in ziemlich stabiler Luft und recht schwachen Steigwerten. Ich bin langsam, aber wegen der hohen Basis recht komfortabel, nach Zell geflogen und habe an der Schmittenh\u00f6he praktisch den ganzen Bart mit einem Adler zusammen ausgekurbelt. Danach auf der Hauptkammseite im Blauen bei super Sicht vom Gro\u00dfglockner bis zum Gro\u00dfvenediger, dort im Hangsegelflug am Gletscher bis fast zum Venedigergipfel. Damals durfte man das noch, inzwischen ist das eines von den &#8222;ganz verbotenen&#8220; Gebieten im Nationalpark Hohe Tauern. Vom Venedigergipfel dann in absolut ruiger Luft im Gleitflug zur\u00fcck nach Unterw\u00f6ssen. Wenn&#8217;s hoch kommt 150km, aber traumhaft sch\u00f6n.<\/p>\n<\/dd>\n<dt>N\u00e4chstes Vorhaben\/Ziel:<\/dt>\n<dd>Kurz und schmerzlos: 1000km Jojo, 850km FAI, nat\u00fcrlich ohne Motor.<\/p>\n<\/dd>\n<\/dl>\n","protected":false},"excerpt":{"rendered":"<p>Geb. 1967, Wohnort: M\u00fcnchen E-Mail:\u00a0Alpenflugzentrum@mathias-muench.de PPL C seit: 1997 Flugstunden: 1.000 h Gr\u00f6\u00dfte Strecke: 1003 km 735 km (FAI) OLC-Fl\u00fcge: 2015 2014 2013 2012 2011 2010 2009 2008 2007 2006 2005 2004 2003 Flugzeug(e): DG 800B\/18m (MU) D-KHJM Kestrel H-401 (HG) &dagger; D-2197 Astir G-102 (-) D-3778 SPOT-Link Nat\u00fcrlich mein hei\u00df geliebter 17m-Kestrel, vermutlich\u00a0der\u00a0Klassiker f\u00fcr &hellip; <a href=\"https:\/\/www.alpenflugzentrum.de\/wordpress\/?page_id=748\" class=\"more-link\"><span class=\"screen-reader-text\">Mathias M\u00fcnch<\/span> weiterlesen <span class=\"meta-nav\">&rarr;<\/span><\/a><\/p>\n","protected":false},"author":5,"featured_media":747,"parent":0,"menu_order":0,"comment_status":"closed","ping_status":"closed","template":"","meta":{"footnotes":""},"class_list":["post-748","page","type-page","status-publish","has-post-thumbnail","hentry"],"_links":{"self":[{"href":"https:\/\/www.alpenflugzentrum.de\/wordpress\/index.php?rest_route=\/wp\/v2\/pages\/748","targetHints":{"allow":["GET"]}}],"collection":[{"href":"https:\/\/www.alpenflugzentrum.de\/wordpress\/index.php?rest_route=\/wp\/v2\/pages"}],"about":[{"href":"https:\/\/www.alpenflugzentrum.de\/wordpress\/index.php?rest_route=\/wp\/v2\/types\/page"}],"author":[{"embeddable":true,"href":"https:\/\/www.alpenflugzentrum.de\/wordpress\/index.php?rest_route=\/wp\/v2\/users\/5"}],"replies":[{"embeddable":true,"href":"https:\/\/www.alpenflugzentrum.de\/wordpress\/index.php?rest_route=%2Fwp%2Fv2%2Fcomments&post=748"}],"version-history":[{"count":15,"href":"https:\/\/www.alpenflugzentrum.de\/wordpress\/index.php?rest_route=\/wp\/v2\/pages\/748\/revisions"}],"predecessor-version":[{"id":2804,"href":"https:\/\/www.alpenflugzentrum.de\/wordpress\/index.php?rest_route=\/wp\/v2\/pages\/748\/revisions\/2804"}],"wp:featuredmedia":[{"embeddable":true,"href":"https:\/\/www.alpenflugzentrum.de\/wordpress\/index.php?rest_route=\/wp\/v2\/media\/747"}],"wp:attachment":[{"href":"https:\/\/www.alpenflugzentrum.de\/wordpress\/index.php?rest_route=%2Fwp%2Fv2%2Fmedia&parent=748"}],"curies":[{"name":"wp","href":"https:\/\/api.w.org\/{rel}","templated":true}]}}